{"id":108,"date":"2017-06-06T10:17:04","date_gmt":"2017-06-06T08:17:04","guid":{"rendered":"http:\/\/demo.uix.store\/sober-furniture\/?post_type=product&#038;p=108"},"modified":"2025-08-21T09:00:58","modified_gmt":"2025-08-21T07:00:58","slug":"winter-green","status":"publish","type":"product","link":"https:\/\/www.getvoon.com\/sv\/shop\/winter-green\/","title":{"rendered":"Winter Green"},"content":{"rendered":"<div class=\"wpb-content-wrapper\"><div data-vc-full-width=\"true\" data-vc-full-width-init=\"false\" data-vc-stretch-content=\"true\" class=\"vc_row wpb_row vc_row-fluid green vc_row-no-padding vc_row-o-equal-height vc_row-flex\"><div class=\"product_col wpb_column vc_column_container vc_col-sm-6 vc_col-has-fill\"><div class=\"vc_column-inner vc_custom_1645607896753\"><div class=\"wpb_wrapper\">\n\t<div class=\"wpb_text_column wpb_content_element\" >\n\t\t<div class=\"wpb_wrapper\">\n\t\t\t<h2>Enjoy The Magic<br \/>\nof Winter Green<\/h2>\n\n\t\t<\/div>\n\t<\/div>\n\n\t<div class=\"wpb_text_column wpb_content_element\" >\n\t\t<div class=\"wpb_wrapper\">\n\t\t\t<h4>Vegansk med naturliga ingredienser<\/h4>\n\n\t\t<\/div>\n\t<\/div>\n<div class=\"vc_empty_space\"   style=\"height: 20px\"><span class=\"vc_empty_space_inner\"><\/span><\/div>\n\t<div class=\"wpb_text_column wpb_content_element paragraph\" >\n\t\t<div class=\"wpb_wrapper\">\n\t\t\t<p>Fyllningsmedel (E460),<br \/>\nS\u00f6tningsmedel (E965 E950),<br \/>\nCBD extrakt fr\u00e5n hampa (Cannabis Sativa),<br \/>\nArom,<br \/>\n<span class=\"desktop\">Fuktighetsbevarande medel (E422).<\/span><span class=\"mobile\">Fuktighetsbevarande medel <br \/>(E422).<\/span><\/p>\n<h6>\u00d6verdriven konsumption kan ge en laxerande effekt.<\/h6>\n\n\t\t<\/div>\n\t<\/div>\n<div class=\"vc_empty_space\"   style=\"height: 10px\"><span class=\"vc_empty_space_inner\"><\/span><\/div>\n\t<div  class=\"wpb_single_image wpb_content_element vc_align_left wpb_content_element  usp-icons\">\n\t\t\n\t\t<figure class=\"wpb_wrapper vc_figure\">\n\t\t\t<div class=\"vc_single_image-wrapper   vc_box_border_grey\"><img loading=\"lazy\" decoding=\"async\" width=\"378\" height=\"121\" src=\"https:\/\/www.getvoon.com\/wp-content\/uploads\/2017\/06\/voon-usps-220421.png\" class=\"vc_single_image-img attachment-full\" srcset=\"https:\/\/www.getvoon.com\/wp-content\/uploads\/2017\/06\/voon-usps-220421.png 378w, https:\/\/www.getvoon.com\/wp-content\/uploads\/2017\/06\/voon-usps-220421-300x96.png 300w, https:\/\/www.getvoon.com\/wp-content\/uploads\/2017\/06\/voon-usps-220421-18x6.png 18w\" sizes=\"auto, (max-width: 378px) 100vw, 378px\" \/><\/div>\n\t\t<\/figure>\n\t<\/div>\n<div class=\"vc_empty_space\"   style=\"height: 60px\"><span class=\"vc_empty_space_inner\"><\/span><\/div><a href=\"https:\/\/www.getvoon.com\/sv\/faqs\/\" title=\"FAQ\" class=\"sober-button button-type-normal button-color-white align-left   button normal button-normal\">FAQ<\/a><a href=\"https:\/\/www.getvoon.com\/sv\/lab-results\/\" title=\"Labbresultat\" class=\"sober-button button-type-normal button-color-white align-inline   button normal button-normal\">Labbresultat<\/a><\/div><\/div><\/div><div class=\"wpb_column vc_column_container vc_col-sm-6\"><div class=\"vc_column-inner\"><div class=\"wpb_wrapper\"><div class=\"sober-banner dark-scheme text-position-left button-visible-always\"><div class=\"banner-wrapper\"><img loading=\"lazy\" decoding=\"async\" width=\"1440\" height=\"1765\" src=\"https:\/\/www.getvoon.com\/wp-content\/uploads\/2017\/06\/voon-hemp-cbd-pouches-wintergreen-on-green-bg.jpg\" class=\"attachment-full\" srcset=\"https:\/\/www.getvoon.com\/wp-content\/uploads\/2017\/06\/voon-hemp-cbd-pouches-wintergreen-on-green-bg.jpg 1440w, https:\/\/www.getvoon.com\/wp-content\/uploads\/2017\/06\/voon-hemp-cbd-pouches-wintergreen-on-green-bg-245x300.jpg 245w, https:\/\/www.getvoon.com\/wp-content\/uploads\/2017\/06\/voon-hemp-cbd-pouches-wintergreen-on-green-bg-835x1024.jpg 835w, https:\/\/www.getvoon.com\/wp-content\/uploads\/2017\/06\/voon-hemp-cbd-pouches-wintergreen-on-green-bg-768x941.jpg 768w, https:\/\/www.getvoon.com\/wp-content\/uploads\/2017\/06\/voon-hemp-cbd-pouches-wintergreen-on-green-bg-1253x1536.jpg 1253w, https:\/\/www.getvoon.com\/wp-content\/uploads\/2017\/06\/voon-hemp-cbd-pouches-wintergreen-on-green-bg-800x981.jpg 800w\" sizes=\"auto, (max-width: 1440px) 100vw, 1440px\" \/><span class=\"banner-content\"><span class=\"banner-text\" style=\"font-family:Abril Fatface;font-weight:400;font-style:normal\"><\/span><span class=\"sober-button button-light line-hover active\"><\/span><\/span><\/div><\/div><\/div><\/div><\/div><\/div><div class=\"vc_row-full-width vc_clearfix\"><\/div><div class=\"vc_row wpb_row vc_row-fluid\"><div class=\"wpb_column vc_column_container vc_col-sm-12\"><div class=\"vc_column-inner\"><div class=\"wpb_wrapper\">\n\t\t\t<!-- START Winter Green Product Videov3 REVOLUTION SLIDER 6.7.34 --><p class=\"rs-p-wp-fix\"><\/p>\n\t\t\t<rs-module-wrap id=\"rev_slider_52_1_wrapper\" data-source=\"gallery\" style=\"visibility:hidden;background:transparent;padding:0;margin:0px auto;margin-top:0;margin-bottom:0;\">\n\t\t\t\t<rs-module id=\"rev_slider_52_1\" style=\"\" data-version=\"6.7.34\">\n\t\t\t\t\t<rs-slides style=\"overflow: hidden; position: absolute;\">\n\t\t\t\t\t\t<rs-slide style=\"position: absolute;\" data-key=\"rs-89\" data-title=\"Slide\" data-anim=\"adpr:false;\" data-in=\"o:0;\" data-out=\"a:false;\">\n\t\t\t\t\t\t\t<img decoding=\"async\" src=\"\/\/www.getvoon.com\/wp-content\/uploads\/revslider\/video-media\/Voon-behind-leaves-2_89.jpeg\" alt=\"\" title=\"Voon-behind-leaves-2_89.jpeg\" width=\"1920\" height=\"1080\" class=\"rev-slidebg tp-rs-img\" data-no-retina>\n\t\t\t\t\t\t\t<rs-bgvideo \n\t\t\t\t\t\t\t\tdata-video=\"w:100%;h:100%;nse:false;l:true;ptimer:false;vfc:true;\"\n\t\t\t\t\t\t\t\tdata-mp4=\"\/\/www.getvoon.com\/wp-content\/uploads\/2022\/03\/Voon-behind-leaves-2.mp4\"\n\t\t\t\t\t\t\t><\/rs-bgvideo>\n<!--\t\t\t\t\t\t--><rs-zone id=\"rrzb_89\" class=\"rev_row_zone_bottom\" style=\"z-index: 10;\"><!--\n\n\t\t\t\t\t\t\t\t--><rs-row\n\t\t\t\t\t\t\t\t\tid=\"slider-52-slide-89-layer-7\" \n\t\t\t\t\t\t\t\t\tdata-type=\"row\"\n\t\t\t\t\t\t\t\t\tdata-xy=\"xo:50px;yo:194px;\"\n\t\t\t\t\t\t\t\t\tdata-rsp_bd=\"off\"\n\t\t\t\t\t\t\t\t\tdata-margin=\"r:20,40,100,40;b:80,40,40,40;l:0,0,100,40;\"\n\t\t\t\t\t\t\t\t\tdata-padding=\"t:20,20,20,10;r:20,20,20,10;b:20,20,20,10;l:20,20,20,10;\"\n\t\t\t\t\t\t\t\t\tdata-frame_0=\"o:1;\"\n\t\t\t\t\t\t\t\t\tdata-frame_999=\"o:0;st:w;sA:9000;\"\n\t\t\t\t\t\t\t\t\tstyle=\"z-index:1;\"\n\t\t\t\t\t\t\t\t><!--\n\t\t\t\t\t\t\t\t\t--><rs-column\n\t\t\t\t\t\t\t\t\t\tid=\"slider-52-slide-89-layer-8\" \n\t\t\t\t\t\t\t\t\t\tdata-type=\"column\"\n\t\t\t\t\t\t\t\t\t\tdata-xy=\"xo:50px;yo:194px;\"\n\t\t\t\t\t\t\t\t\t\tdata-text=\"a:left,right,center,center;\"\n\t\t\t\t\t\t\t\t\t\tdata-rsp_bd=\"off\"\n\t\t\t\t\t\t\t\t\t\tdata-column=\"w:100%;a:middle;\"\n\t\t\t\t\t\t\t\t\t\tdata-padding=\"t:10;r:10;b:10;l:10;\"\n\t\t\t\t\t\t\t\t\t\tdata-frame_0=\"o:1;\"\n\t\t\t\t\t\t\t\t\t\tdata-frame_999=\"o:0;st:w;sA:9000;\"\n\t\t\t\t\t\t\t\t\t\tstyle=\"z-index:2;width:100%;\"\n\t\t\t\t\t\t\t\t\t><!--\n\t\t\t\t\t\t\t\t\t\t--><rs-layer\n\t\t\t\t\t\t\t\t\t\t\tid=\"slider-52-slide-89-layer-0\" \n\t\t\t\t\t\t\t\t\t\t\tdata-type=\"text\"\n\t\t\t\t\t\t\t\t\t\t\tdata-rsp_ch=\"on\"\n\t\t\t\t\t\t\t\t\t\t\tdata-xy=\"x:r,r,r,c;xo:30px,30px,20px,0;y:m;yo:30px,24px,-2px,-58px;\"\n\t\t\t\t\t\t\t\t\t\t\tdata-pos=\"r\"\n\t\t\t\t\t\t\t\t\t\t\tdata-text=\"w:normal;s:60;f:right,right,none,none;c:right,none,none,none;l:65,65,65,60;a:left,left,center,center;\"\n\t\t\t\t\t\t\t\t\t\t\tdata-flcr=\"f:right,right,none,none;c:right,none,none,none;\"\n\t\t\t\t\t\t\t\t\t\t\tdata-dim=\"w:380px,320px,auto,auto;\"\n\t\t\t\t\t\t\t\t\t\t\tdata-frame_1=\"st:200;sp:1500;sR:200;\"\n\t\t\t\t\t\t\t\t\t\t\tdata-frame_999=\"o:0;st:w;sR:7300;\"\n\t\t\t\t\t\t\t\t\t\t\tstyle=\"z-index:3;font-family:'gilroy-extrabold';\"\n\t\t\t\t\t\t\t\t\t\t>Just A Hint<br>of Hemp \n\t\t\t\t\t\t\t\t\t\t<\/rs-layer><!--\n\n\t\t\t\t\t\t\t\t\t\t--><rs-layer\n\t\t\t\t\t\t\t\t\t\t\tid=\"slider-52-slide-89-layer-1\" \n\t\t\t\t\t\t\t\t\t\t\tdata-type=\"text\"\n\t\t\t\t\t\t\t\t\t\t\tdata-rsp_ch=\"on\"\n\t\t\t\t\t\t\t\t\t\t\tdata-xy=\"x:r,r,r,c;xo:30px,30px,20px,1px;y:m;yo:127px,104px,74px,50px;\"\n\t\t\t\t\t\t\t\t\t\t\tdata-pos=\"r\"\n\t\t\t\t\t\t\t\t\t\t\tdata-text=\"w:normal;s:22;f:right,right,none,none;c:right,right,right,none;l:25,25,25,26;a:left,left,center,center;\"\n\t\t\t\t\t\t\t\t\t\t\tdata-flcr=\"f:right,right,none,none;c:right,right,right,none;\"\n\t\t\t\t\t\t\t\t\t\t\tdata-dim=\"w:380px,320px,auto,auto;\"\n\t\t\t\t\t\t\t\t\t\t\tdata-margin=\"t:5,4,3,10;\"\n\t\t\t\t\t\t\t\t\t\t\tdata-frame_1=\"st:450;sp:1500;sR:450;\"\n\t\t\t\t\t\t\t\t\t\t\tdata-frame_999=\"o:0;st:w;sR:7050;\"\n\t\t\t\t\t\t\t\t\t\t\tstyle=\"z-index:4;font-family:'Poppins';\"\n\t\t\t\t\t\t\t\t\t\t>Taste the original essences of<br>the hemp flavour. \n\t\t\t\t\t\t\t\t\t\t<\/rs-layer><!--\n\n\t\t\t\t\t\t\t\t\t\t--><a\n\t\t\t\t\t\t\t\t\t\t\tid=\"slider-52-slide-89-layer-2\" \n\t\t\t\t\t\t\t\t\t\t\tclass=\"rs-layer rev-btn\"\n\t\t\t\t\t\t\t\t\t\t\thref=\"\/sv\/our-story\/\" target=\"_self\"\n\t\t\t\t\t\t\t\t\t\t\tdata-type=\"button\"\n\t\t\t\t\t\t\t\t\t\t\tdata-color=\"#000000\"\n\t\t\t\t\t\t\t\t\t\t\tdata-rsp_ch=\"on\"\n\t\t\t\t\t\t\t\t\t\t\tdata-xy=\"x:r,r,r,c;xo:130px,120px,140px,0;y:m;yo:187px,154px,117px,122px;\"\n\t\t\t\t\t\t\t\t\t\t\tdata-pos=\"r\"\n\t\t\t\t\t\t\t\t\t\t\tdata-text=\"w:normal;s:18;f:right,right,none,none;c:both,both,both,none;l:18;fw:500;a:center;\"\n\t\t\t\t\t\t\t\t\t\t\tdata-flcr=\"f:right,right,none,none;c:both,both,both,none;\"\n\t\t\t\t\t\t\t\t\t\t\tdata-dim=\"w:280px,230px,auto,auto;minh:0px,none,none,none;\"\n\t\t\t\t\t\t\t\t\t\t\tdata-margin=\"t:15,15,10,15;r:100,90,0,0;\"\n\t\t\t\t\t\t\t\t\t\t\tdata-padding=\"t:10;r:10;b:10;l:10;\"\n\t\t\t\t\t\t\t\t\t\t\tdata-frame_1=\"st:780;sp:1500;sR:780;\"\n\t\t\t\t\t\t\t\t\t\t\tdata-frame_999=\"o:0;st:w;sR:6720;\"\n\t\t\t\t\t\t\t\t\t\t\tdata-frame_hover=\"c:#fff;bgc:#1e1e23;bor:0px,0px,0px,0px;\"\n\t\t\t\t\t\t\t\t\t\t\tstyle=\"z-index:5;background-color:rgba(255,255,255,1);font-family:'gilroy-extrabold';\"\n\t\t\t\t\t\t\t\t\t\t>V\u00e5r Story \n\t\t\t\t\t\t\t\t\t\t<\/a><!--\n\t\t\t\t\t\t\t\t\t--><\/rs-column><!--\n\t\t\t\t\t\t\t\t--><\/rs-row><!--\n\t\t\t\t\t\t\t--><\/rs-zone><!--\n-->\t\t\t\t\t<\/rs-slide>\n\t\t\t\t\t<\/rs-slides>\n\t\t\t\t<\/rs-module>\n\t\t\t\t<script>\n\t\t\t\t\tsetREVStartSize({c: 'rev_slider_52_1',rl:[1240,1024,778,480],el:[600,600,920,720],gw:[1240,1024,778,480],gh:[600,600,920,720],type:'hero',justify:'',layout:'fullwidth',mh:\"0\"});if (window.RS_MODULES!==undefined && window.RS_MODULES.modules!==undefined && window.RS_MODULES.modules[\"revslider521\"]!==undefined) {window.RS_MODULES.modules[\"revslider521\"].once = false;window.revapi52 = undefined;if (window.RS_MODULES.checkMinimal!==undefined) window.RS_MODULES.checkMinimal()}\n\t\t\t\t<\/script>\n\t\t\t<\/rs-module-wrap>\n\t\t\t<!-- END REVOLUTION SLIDER -->\n<\/div><\/div><\/div><\/div><div id=\"usps\" data-vc-full-width=\"true\" data-vc-full-width-init=\"false\" data-vc-stretch-content=\"true\" class=\"vc_row wpb_row vc_row-fluid usps vc_custom_1731031183845 vc_row-has-fill vc_row-no-padding vc_row-o-content-middle vc_row-flex\"><div class=\"wpb_column vc_column_container vc_col-sm-4\"><div class=\"vc_column-inner\"><div class=\"wpb_wrapper\"><div class=\"vc_empty_space\"   style=\"height: 50px\"><span class=\"vc_empty_space_inner\"><\/span><\/div><div class=\"sober-icon-box icon-type-fontawesome icon-style-normal\">\n\t\t\t\t<div class=\"box-icon\"><i class=\"fas fa-ban\"><\/i><\/div>\n\t\t\t\t<h3 class=\"box-title\"><\/h3>\n\t\t\t\t<div class=\"box-content\">THC &amp;<br \/>\nNIKOTINFRI<\/div>\n\t\t\t<\/div><div class=\"vc_empty_space\"   style=\"height: 20px\"><span class=\"vc_empty_space_inner\"><\/span><\/div><\/div><\/div><\/div><div class=\"wpb_column vc_column_container vc_col-sm-4\"><div class=\"vc_column-inner\"><div class=\"wpb_wrapper\"><div class=\"vc_empty_space\"   style=\"height: 50px\"><span class=\"vc_empty_space_inner\"><\/span><\/div><div class=\"sober-icon-box icon-type-fontawesome icon-style-normal\">\n\t\t\t\t<div class=\"box-icon\"><i class=\"fas fa-bolt\"><\/i><\/div>\n\t\t\t\t<h3 class=\"box-title\"><\/h3>\n\t\t\t\t<div class=\"box-content\">SNABB<br \/>\nABSORPTION<\/div>\n\t\t\t<\/div><div class=\"vc_empty_space\"   style=\"height: 20px\"><span class=\"vc_empty_space_inner\"><\/span><\/div><\/div><\/div><\/div><div class=\"wpb_column vc_column_container vc_col-sm-4\" id=\"vegan\"><div class=\"vc_column-inner\"><div class=\"wpb_wrapper\"><div class=\"vc_empty_space\"   style=\"height: 50px\"><span class=\"vc_empty_space_inner\"><\/span><\/div><div class=\"sober-icon-box icon-type-fontawesome icon-style-normal\">\n\t\t\t\t<div class=\"box-icon\"><i class=\"fab fa-pagelines\"><\/i><\/div>\n\t\t\t\t<h3 class=\"box-title\"><\/h3>\n\t\t\t\t<div class=\"box-content\">VEGANSK &amp;<br \/>\nNATURLIG<\/div>\n\t\t\t<\/div><div class=\"vc_empty_space\"   style=\"height: 20px\"><span class=\"vc_empty_space_inner\"><\/span><\/div><\/div><\/div><\/div><\/div><div class=\"vc_row-full-width vc_clearfix\"><\/div><div id=\"enthusiasts\" data-vc-full-width=\"true\" data-vc-full-width-init=\"false\" class=\"vc_row wpb_row vc_row-fluid best-seller wpb_animate_when_almost_visible wpb_fadeIn fadeIn vc_custom_1731050090941 vc_row-has-fill\"><div class=\"wpb_column vc_column_container vc_col-sm-12\"><div class=\"vc_column-inner\"><div class=\"wpb_wrapper\"><div class=\"vc_empty_space\"   style=\"height: 60px\"><span class=\"vc_empty_space_inner\"><\/span><\/div><h2 style=\"text-align: center\" class=\"vc_custom_heading vc_custom_1730796175939 text-center\" >Kombipaket 10-Pack<\/h2>\n\t<div class=\"wpb_text_column wpb_content_element\" >\n\t\t<div class=\"wpb_wrapper\">\n\t\t\t<p style=\"text-align: center; font-size: 2rem; font-family: 'gilroy-light'; color: #23232c;\">Spara mer och fyll p\u00e5 med dina Voon-favoriter.<\/p>\n\n\t\t<\/div>\n\t<\/div>\n<div class=\"vc_empty_space\"   style=\"height: 30px\"><span class=\"vc_empty_space_inner\"><\/span><\/div><div class=\"vc_row wpb_row vc_inner vc_row-fluid\"><div class=\"wpb_column vc_column_container vc_col-sm-12\"><div class=\"vc_column-inner\"><div class=\"wpb_wrapper\"><div class=\"sober-product-carousel sober-products\" data-columns=\"4\" data-autoplay=\"5000\" data-loop=\"yes\" data-responsive=\"\"><div class=\"woocommerce columns-4\"><\/div><\/div><\/div><\/div><\/div><\/div><div class=\"vc_empty_space\"   style=\"height: 60px\"><span class=\"vc_empty_space_inner\"><\/span><\/div><\/div><\/div><\/div><\/div><div class=\"vc_row-full-width vc_clearfix\"><\/div>\n<\/div>","protected":false},"excerpt":{"rendered":"<div class=\"spec\">15 Portionsp\u00e5sar \u00b7\u00a020mg per portionsp\u00e5se<\/div>\n<p>Med smak av Wintergreen, en hint av hampa och lite s\u00f6tma i en torr mini portionsp\u00e5se. Fri fr\u00e5n THC och nikotin och tillverkad med naturliga ingredienser.<\/p>\n<p class=\"sv-only\"><b>Rekommenderad daglig dos: 4-5 portionsp\u00e5sar<\/b><\/p>\n<div class=\"popmake-730\"><a class=\"line-hover\">Steg f\u00f6r anv\u00e4ndning<\/a><\/div>\n<div class=\"popmake-844\"><a class=\"line-hover\">Steg f\u00f6r anv\u00e4ndning<\/a><\/div>","protected":false},"featured_media":7815,"comment_status":"open","ping_status":"closed","template":"","meta":{"_monsterinsights_skip_tracking":false,"_monsterinsights_sitenote_active":false,"_monsterinsights_sitenote_note":"","_monsterinsights_sitenote_category":0},"product_cat":[102,52],"product_tag":[],"class_list":{"0":"post-108","1":"product","2":"type-product","3":"status-publish","4":"has-post-thumbnail","6":"product_cat-core-collection","7":"product_cat-single-cans","9":"first","10":"outofstock","11":"taxable","12":"shipping-taxable","13":"product-type-simple","14":"layout-style-5","15":"col-md-4 col-sm-4 col-xs-6","16":"col-lg-3","17":"product-has-gallery","18":"product-style-addtocart"},"bundled_by":["86","74","8289","8434","8519","9507","9511","9704"],"bundle_stock_status":"outofstock","bundle_stock_quantity":0,"bundle_virtual":false,"bundle_layout":"","bundle_add_to_cart_form_location":"","bundle_editable_in_cart":false,"bundle_sold_individually_context":"","bundle_item_grouping":"","bundle_min_size":"","bundle_max_size":"","bundle_price":[],"bundled_items":[],"bundle_sell_ids":[],"yoast_head":"<!-- This site is optimized with the Yoast SEO plugin v25.3 - https:\/\/yoast.com\/wordpress\/plugins\/seo\/ -->\n<title>Winter Green - Get Voon Vegan &amp; Smokeless Hemp Pouches from Scandinavia<\/title>\n<meta name=\"description\" content=\"Voon Wintergreen Natural Hemp pouches infused with a hint of hemp combined with a splash of wintery mint refreshment. Vegan, Zero THC or nicotine\" \/>\n<meta name=\"robots\" content=\"index, follow, max-snippet:-1, max-image-preview:large, max-video-preview:-1\" \/>\n<link rel=\"canonical\" href=\"https:\/\/www.getvoon.com\/sv\/shop\/winter-green\/\" \/>\n<meta property=\"og:locale\" content=\"sv_SE\" \/>\n<meta property=\"og:type\" content=\"article\" \/>\n<meta property=\"og:title\" content=\"Winter Green - Get Voon Vegan &amp; Smokeless Hemp Pouches from Scandinavia\" \/>\n<meta property=\"og:description\" content=\"Voon Wintergreen Natural Hemp pouches infused with a hint of hemp combined with a splash of wintery mint refreshment. Vegan, Zero THC or nicotine\" \/>\n<meta property=\"og:url\" content=\"https:\/\/www.getvoon.com\/sv\/shop\/winter-green\/\" \/>\n<meta property=\"og:site_name\" content=\"Get Voon\" \/>\n<meta property=\"article:modified_time\" content=\"2025-08-21T07:00:58+00:00\" \/>\n<meta property=\"og:image\" content=\"https:\/\/www.getvoon.com\/wp-content\/uploads\/2017\/06\/Winter-Green-Front.png\" \/>\n\t<meta property=\"og:image:width\" content=\"1200\" \/>\n\t<meta property=\"og:image:height\" content=\"1200\" \/>\n\t<meta property=\"og:image:type\" content=\"image\/png\" \/>\n<meta name=\"twitter:card\" content=\"summary_large_image\" \/>\n<meta name=\"twitter:title\" content=\"Winter Green - Get Voon Vegan &amp; Smokeless Hemp Pouches from Scandinavia\" \/>\n<meta name=\"twitter:description\" content=\"Voon Wintergreen Natural Hemp pouches infused with a hint of hemp combined with a splash of wintery mint refreshment. Vegan, Zero THC or nicotine\" \/>\n<meta name=\"twitter:image\" content=\"https:\/\/www.getvoon.com\/wp-content\/uploads\/2017\/06\/Winter-Green-Front.png\" \/>\n<meta name=\"twitter:label1\" content=\"Ber\u00e4knad l\u00e4stid\" \/>\n\t<meta name=\"twitter:data1\" content=\"1 minut\" \/>\n<script type=\"application\/ld+json\" class=\"yoast-schema-graph\">{\"@context\":\"https:\/\/schema.org\",\"@graph\":[{\"@type\":\"WebPage\",\"@id\":\"https:\/\/www.getvoon.com\/shop\/winter-green\/\",\"url\":\"https:\/\/www.getvoon.com\/shop\/winter-green\/\",\"name\":\"Winter Green - Get Voon Vegan &amp; Smokeless Hemp Pouches from Scandinavia\",\"isPartOf\":{\"@id\":\"https:\/\/www.getvoon.com\/#website\"},\"primaryImageOfPage\":{\"@id\":\"https:\/\/www.getvoon.com\/shop\/winter-green\/#primaryimage\"},\"image\":{\"@id\":\"https:\/\/www.getvoon.com\/shop\/winter-green\/#primaryimage\"},\"thumbnailUrl\":\"https:\/\/www.getvoon.com\/wp-content\/uploads\/2017\/06\/Winter-Green-Front.png\",\"datePublished\":\"2017-06-06T08:17:04+00:00\",\"dateModified\":\"2025-08-21T07:00:58+00:00\",\"description\":\"Voon Wintergreen Natural Hemp pouches infused with a hint of hemp combined with a splash of wintery mint refreshment. Vegan, Zero THC or nicotine\",\"breadcrumb\":{\"@id\":\"https:\/\/www.getvoon.com\/shop\/winter-green\/#breadcrumb\"},\"inLanguage\":\"sv-SE\",\"potentialAction\":[{\"@type\":\"ReadAction\",\"target\":[\"https:\/\/www.getvoon.com\/shop\/winter-green\/\"]}]},{\"@type\":\"ImageObject\",\"inLanguage\":\"sv-SE\",\"@id\":\"https:\/\/www.getvoon.com\/shop\/winter-green\/#primaryimage\",\"url\":\"https:\/\/www.getvoon.com\/wp-content\/uploads\/2017\/06\/Winter-Green-Front.png\",\"contentUrl\":\"https:\/\/www.getvoon.com\/wp-content\/uploads\/2017\/06\/Winter-Green-Front.png\",\"width\":1200,\"height\":1200},{\"@type\":\"BreadcrumbList\",\"@id\":\"https:\/\/www.getvoon.com\/shop\/winter-green\/#breadcrumb\",\"itemListElement\":[{\"@type\":\"ListItem\",\"position\":1,\"name\":\"Home\",\"item\":\"https:\/\/www.getvoon.com\/\"},{\"@type\":\"ListItem\",\"position\":2,\"name\":\"Shop Hemp Pouches\",\"item\":\"https:\/\/www.getvoon.com\/shop\/\"},{\"@type\":\"ListItem\",\"position\":3,\"name\":\"Winter Green\"}]},{\"@type\":\"WebSite\",\"@id\":\"https:\/\/www.getvoon.com\/#website\",\"url\":\"https:\/\/www.getvoon.com\/\",\"name\":\"Get Voon\",\"description\":\"Vegan &amp; Smokeless Hemp Pouches from Scandinavia\",\"publisher\":{\"@id\":\"https:\/\/www.getvoon.com\/#organization\"},\"potentialAction\":[{\"@type\":\"SearchAction\",\"target\":{\"@type\":\"EntryPoint\",\"urlTemplate\":\"https:\/\/www.getvoon.com\/?s={search_term_string}\"},\"query-input\":{\"@type\":\"PropertyValueSpecification\",\"valueRequired\":true,\"valueName\":\"search_term_string\"}}],\"inLanguage\":\"sv-SE\"},{\"@type\":\"Organization\",\"@id\":\"https:\/\/www.getvoon.com\/#organization\",\"name\":\"Voon Innovations\",\"url\":\"https:\/\/www.getvoon.com\/\",\"logo\":{\"@type\":\"ImageObject\",\"inLanguage\":\"sv-SE\",\"@id\":\"https:\/\/www.getvoon.com\/#\/schema\/logo\/image\/\",\"url\":\"https:\/\/www.getvoon.com\/wp-content\/uploads\/2022\/02\/voon-logo-dark-600.png\",\"contentUrl\":\"https:\/\/www.getvoon.com\/wp-content\/uploads\/2022\/02\/voon-logo-dark-600.png\",\"width\":600,\"height\":276,\"caption\":\"Voon Innovations\"},\"image\":{\"@id\":\"https:\/\/www.getvoon.com\/#\/schema\/logo\/image\/\"}}]}<\/script>\n<!-- \/ Yoast SEO plugin. -->","yoast_head_json":{"title":"Winter Green - Get Voon Vegan &amp; Smokeless Hemp Pouches from Scandinavia","description":"Voon Wintergreen Natural Hemp pouches infused with a hint of hemp combined with a splash of wintery mint refreshment. Vegan, Zero THC or nicotine","robots":{"index":"index","follow":"follow","max-snippet":"max-snippet:-1","max-image-preview":"max-image-preview:large","max-video-preview":"max-video-preview:-1"},"canonical":"https:\/\/www.getvoon.com\/sv\/shop\/winter-green\/","og_locale":"sv_SE","og_type":"article","og_title":"Winter Green - Get Voon Vegan &amp; Smokeless Hemp Pouches from Scandinavia","og_description":"Voon Wintergreen Natural Hemp pouches infused with a hint of hemp combined with a splash of wintery mint refreshment. Vegan, Zero THC or nicotine","og_url":"https:\/\/www.getvoon.com\/sv\/shop\/winter-green\/","og_site_name":"Get Voon","article_modified_time":"2025-08-21T07:00:58+00:00","og_image":[{"width":1200,"height":1200,"url":"https:\/\/www.getvoon.com\/wp-content\/uploads\/2017\/06\/Winter-Green-Front.png","type":"image\/png"}],"twitter_card":"summary_large_image","twitter_title":"Winter Green - Get Voon Vegan &amp; Smokeless Hemp Pouches from Scandinavia","twitter_description":"Voon Wintergreen Natural Hemp pouches infused with a hint of hemp combined with a splash of wintery mint refreshment. Vegan, Zero THC or nicotine","twitter_image":"https:\/\/www.getvoon.com\/wp-content\/uploads\/2017\/06\/Winter-Green-Front.png","twitter_misc":{"Ber\u00e4knad l\u00e4stid":"1 minut"},"schema":{"@context":"https:\/\/schema.org","@graph":[{"@type":"WebPage","@id":"https:\/\/www.getvoon.com\/shop\/winter-green\/","url":"https:\/\/www.getvoon.com\/shop\/winter-green\/","name":"Winter Green - Get Voon Vegan &amp; Smokeless Hemp Pouches from Scandinavia","isPartOf":{"@id":"https:\/\/www.getvoon.com\/#website"},"primaryImageOfPage":{"@id":"https:\/\/www.getvoon.com\/shop\/winter-green\/#primaryimage"},"image":{"@id":"https:\/\/www.getvoon.com\/shop\/winter-green\/#primaryimage"},"thumbnailUrl":"https:\/\/www.getvoon.com\/wp-content\/uploads\/2017\/06\/Winter-Green-Front.png","datePublished":"2017-06-06T08:17:04+00:00","dateModified":"2025-08-21T07:00:58+00:00","description":"Voon Wintergreen Natural Hemp pouches infused with a hint of hemp combined with a splash of wintery mint refreshment. Vegan, Zero THC or nicotine","breadcrumb":{"@id":"https:\/\/www.getvoon.com\/shop\/winter-green\/#breadcrumb"},"inLanguage":"sv-SE","potentialAction":[{"@type":"ReadAction","target":["https:\/\/www.getvoon.com\/shop\/winter-green\/"]}]},{"@type":"ImageObject","inLanguage":"sv-SE","@id":"https:\/\/www.getvoon.com\/shop\/winter-green\/#primaryimage","url":"https:\/\/www.getvoon.com\/wp-content\/uploads\/2017\/06\/Winter-Green-Front.png","contentUrl":"https:\/\/www.getvoon.com\/wp-content\/uploads\/2017\/06\/Winter-Green-Front.png","width":1200,"height":1200},{"@type":"BreadcrumbList","@id":"https:\/\/www.getvoon.com\/shop\/winter-green\/#breadcrumb","itemListElement":[{"@type":"ListItem","position":1,"name":"Home","item":"https:\/\/www.getvoon.com\/"},{"@type":"ListItem","position":2,"name":"Shop Hemp Pouches","item":"https:\/\/www.getvoon.com\/shop\/"},{"@type":"ListItem","position":3,"name":"Winter Green"}]},{"@type":"WebSite","@id":"https:\/\/www.getvoon.com\/#website","url":"https:\/\/www.getvoon.com\/","name":"Get Voon","description":"Vegan &amp; Smokeless Hemp Pouches from Scandinavia","publisher":{"@id":"https:\/\/www.getvoon.com\/#organization"},"potentialAction":[{"@type":"SearchAction","target":{"@type":"EntryPoint","urlTemplate":"https:\/\/www.getvoon.com\/?s={search_term_string}"},"query-input":{"@type":"PropertyValueSpecification","valueRequired":true,"valueName":"search_term_string"}}],"inLanguage":"sv-SE"},{"@type":"Organization","@id":"https:\/\/www.getvoon.com\/#organization","name":"Voon Innovations","url":"https:\/\/www.getvoon.com\/","logo":{"@type":"ImageObject","inLanguage":"sv-SE","@id":"https:\/\/www.getvoon.com\/#\/schema\/logo\/image\/","url":"https:\/\/www.getvoon.com\/wp-content\/uploads\/2022\/02\/voon-logo-dark-600.png","contentUrl":"https:\/\/www.getvoon.com\/wp-content\/uploads\/2022\/02\/voon-logo-dark-600.png","width":600,"height":276,"caption":"Voon Innovations"},"image":{"@id":"https:\/\/www.getvoon.com\/#\/schema\/logo\/image\/"}}]}},"_links":{"self":[{"href":"https:\/\/www.getvoon.com\/sv\/wp-json\/wp\/v2\/product\/108","targetHints":{"allow":["GET"]}}],"collection":[{"href":"https:\/\/www.getvoon.com\/sv\/wp-json\/wp\/v2\/product"}],"about":[{"href":"https:\/\/www.getvoon.com\/sv\/wp-json\/wp\/v2\/types\/product"}],"replies":[{"embeddable":true,"href":"https:\/\/www.getvoon.com\/sv\/wp-json\/wp\/v2\/comments?post=108"}],"wp:featuredmedia":[{"embeddable":true,"href":"https:\/\/www.getvoon.com\/sv\/wp-json\/wp\/v2\/media\/7815"}],"wp:attachment":[{"href":"https:\/\/www.getvoon.com\/sv\/wp-json\/wp\/v2\/media?parent=108"}],"wp:term":[{"taxonomy":"product_cat","embeddable":true,"href":"https:\/\/www.getvoon.com\/sv\/wp-json\/wp\/v2\/product_cat?post=108"},{"taxonomy":"product_tag","embeddable":true,"href":"https:\/\/www.getvoon.com\/sv\/wp-json\/wp\/v2\/product_tag?post=108"}],"curies":[{"name":"wp","href":"https:\/\/api.w.org\/{rel}","templated":true}]}}