{"id":276,"date":"2017-06-08T10:39:59","date_gmt":"2017-06-08T10:39:59","guid":{"rendered":"http:\/\/demo.uix.store\/sober-furniture\/?page_id=276"},"modified":"2025-04-14T05:43:40","modified_gmt":"2025-04-14T03:43:40","slug":"faqs","status":"publish","type":"page","link":"https:\/\/www.getvoon.com\/sv\/faqs\/","title":{"rendered":"FAQ"},"content":{"rendered":"<div class=\"wpb-content-wrapper\"><div class=\"vc_row wpb_row vc_row-fluid vc_custom_1645667227714\"><div class=\"wpb_column vc_column_container vc_col-sm-8 vc_col-lg-offset-2 vc_col-lg-8 vc_col-md-offset-0 vc_col-md-12\"><div class=\"vc_column-inner\"><div class=\"wpb_wrapper\">\n\t<div class=\"wpb_text_column wpb_content_element pageheader faqheader\" >\n\t\t<div class=\"wpb_wrapper\">\n\t\t\t<h2 style=\"text-align: center;\">Ber\u00e4tta mer om<br \/>\nVoons HampaSnus<\/h2>\n\n\t\t<\/div>\n\t<\/div>\n<p style=\"text-align: center\" class=\"vc_custom_heading text-center\" >Vi \u00e4r h\u00e4r f\u00f6r att svara p\u00e5 alla fr\u00e5gor du kan ha om v\u00e5rt hampasnus.<\/p><\/div><\/div><\/div><\/div><div class=\"vc_row wpb_row vc_row-fluid\"><div class=\"wpb_column vc_column_container vc_col-sm-12\"><div class=\"vc_column-inner\"><div class=\"wpb_wrapper\">\n\t<div class=\"wpb_text_column wpb_content_element faq-category\" >\n\t\t<div class=\"wpb_wrapper\">\n\t\t\t<p style=\"text-align: center;\">ALLM\u00c4NT<\/p>\n\n\t\t<\/div>\n\t<\/div>\n<div class=\"vc_empty_space\"   style=\"height: 10px\"><span class=\"vc_empty_space_inner\"><\/span><\/div><div class=\"sober-faq\">\n\t\t\t\t<div class=\"question\">\n\t\t\t\t\t<span class=\"question-label\">Question<\/span>\n\t\t\t\t\t<span class=\"question-icon\"><span class=\"toggle-icon\"><\/span><\/span>\n\t\t\t\t\t<span class=\"question-title\">Vad \u00e4r hampa?<\/span>\n\t\t\t\t<\/div>\n\t\t\t\t<div class=\"answer\"><span class=\"answer-label\">Answer<\/span>F\u00f6rst startar vi med hampfakta, l\u00e5t oss f\u00f6rst b\u00f6rja med att definiera vad det \u00e4r. Hampa h\u00e4nvisar till den icke-drogvarianten av cannabis som ofta anv\u00e4nds f\u00f6r att producera fibrer, biologiskt nedbrytbar plast, h\u00e4lsokost och mer. Lagligt definieras hampa som cannabis som inneh\u00e5ller mindre \u00e4n 0,2 % eller till och med 0 % THC i torrvikt, beroende p\u00e5 reglerna i landet i fr\u00e5ga.<\/p>\n<p>Hampa har \u00f6ver 25 000 k\u00e4nda anv\u00e4ndningsomr\u00e5den - ingen av dem g\u00f6r dig h\u00f6g. \u00c4ven om hampa och marijuana b\u00e5da \u00e4r cannabisv\u00e4xter (cannabis sativa), har de v\u00e4ldigt olika funktioner och till\u00e4mpningar. Hampav\u00e4xten \u00e4r utan tvekan m\u00e5ngsidig, och anv\u00e4ndningsomr\u00e5dena str\u00e4cker sig fr\u00e5n kl\u00e4der, lotioner, proteinpulver, mj\u00f6lk, bland olika andra v\u00e4sentligheter som \u00e4r f\u00f6rdelaktiga f\u00f6r det dagliga livet! I grund och botten kan du inte bli h\u00f6g av hampa, men den kan definitivt anv\u00e4ndas f\u00f6r ett stort antal hush\u00e5lls- och personliga f\u00f6rem\u00e5l samt erbjuda ett antal andra f\u00f6rdelar vi inte kan h\u00e4vda h\u00e4r.<\/div>\n\t\t\t<\/div><div class=\"sober-faq\">\n\t\t\t\t<div class=\"question\">\n\t\t\t\t\t<span class=\"question-label\">Question<\/span>\n\t\t\t\t\t<span class=\"question-icon\"><span class=\"toggle-icon\"><\/span><\/span>\n\t\t\t\t\t<span class=\"question-title\">Vad \u00e4r hampa och CBD?<\/span>\n\t\t\t\t<\/div>\n\t\t\t\t<div class=\"answer\"><span class=\"answer-label\">Answer<\/span>Hampa \u00e4r en variant av Cannabis sativa-plantan som odlas f\u00f6r sina fibrer, fr\u00f6n och olja. Den har anv\u00e4nts i tusentals \u00e5r f\u00f6r att tillverka kl\u00e4der, rep, byggmaterial och mat. P\u00e5 senare tid har hampa \u00e4ven blivit en viktig k\u00e4lla f\u00f6r att utvinna CBD (cannabidiol) till f\u00f6ljd av plantans mycket l\u00e5ga niv\u00e5 av THC (tetrahydrocannabinol), den psykoaktiva f\u00f6reningen i cannabis.<\/div>\n\t\t\t<\/div><div class=\"sober-faq\">\n\t\t\t\t<div class=\"question\">\n\t\t\t\t\t<span class=\"question-label\">Question<\/span>\n\t\t\t\t\t<span class=\"question-icon\"><span class=\"toggle-icon\"><\/span><\/span>\n\t\t\t\t\t<span class=\"question-title\">Vad \u00e4r skillnaderna mellan hampa, CBD och marijuana?<\/span>\n\t\t\t\t<\/div>\n\t\t\t\t<div class=\"answer\"><span class=\"answer-label\">Answer<\/span>Utan tidigare juridiska problem eller reglering av CBD kan hampaplantor inneh\u00e5lla s\u00e5 h\u00f6gt som 25 % CBD i torrvikt. THC v\u00e4xte fram ur hampaplantan. Hampa har ocks\u00e5 ofta l\u00e5ga terpenniv\u00e5er som m\u00e4rks av de unika dofter som produceras av cannabis. Terpener \u00e4r viktiga eftersom dessa f\u00f6reningar modifierar och ofta f\u00f6rst\u00e4rker f\u00f6rdelarna med cannabinoider genom att g\u00f6ra det m\u00f6jligt f\u00f6r kroppen att absorbera b\u00e4ttre och utnyttja cannabinoiderna.<\/p>\n<p>Det finns ocks\u00e5 andra f\u00f6rdelaktiga cannabinoider som inte producerar det h\u00f6ga som kan hittas i cannabis. Niv\u00e5erna av CBG, CBDV, CBC, CBN kan variera avsev\u00e4rt i hampa eftersom v\u00e4xten har odlats utan n\u00e5gon oro f\u00f6r dessa f\u00f6reningar.<\/p>\n<p>Du har f\u00f6rmodligen h\u00f6rt talas om entourage-effekten eller tanken att dessa f\u00f6reningar fungerar b\u00e4ttre i n\u00e4rvaro av varandra. P\u00e5 grund av de lagliga reglerna under de senaste 100 \u00e5ren \u00e4r det nu sv\u00e5rt att hitta stammar av cannabis som odlats specifikt f\u00f6r balansen mellan de nyttiga f\u00f6reningarna. F\u00f6respr\u00e5kare av cannabis som medicin s\u00e4ger att det \u00e4r b\u00e4st att h\u00e4mta CBD fr\u00e5n marijuana med h\u00e4nsyn till entourage-effekten, men det \u00e4r inte alltid praktiskt.<\/p>\n<p>Enligt v\u00e5r erfarenhet \u00e4r det sv\u00e5rt att k\u00f6pa cannabis som kan tillhandah\u00e5lla hela spektrumet av f\u00f6reningar. Vi vill ocks\u00e5 g\u00f6ra v\u00e5r CBD tillg\u00e4nglig f\u00f6r alla, vilket inneb\u00e4r att vi skaffar den fr\u00e5n hampa med l\u00e5g THC-halt. Vissa boutiqueb\u00f6nder har kvalitetscannabis med en varierad cannabinoidprofil f\u00f6r att m\u00f6ta v\u00e5ra behov, men de \u00e4r inte tillr\u00e4ckligt stora f\u00f6r att m\u00f6ta efterfr\u00e5gan p\u00e5 produktion i industriell skala.<\/p>\n<p>Hampa med en varierad cannabinoidprofil och h\u00f6gt terpeninneh\u00e5ll visar sig vara \u00e4nnu sv\u00e5rare att f\u00e5 tag p\u00e5. Men tiderna f\u00f6r\u00e4ndras. Vi har djupa relationer med v\u00e5ra b\u00f6nder och n\u00e4r den h\u00e4r industrin v\u00e4xer utvecklas hampan till att ha h\u00f6ga terpenniv\u00e5er och fler cannabinoider som CBG, CBC och andra, vilket g\u00f6r den totalt sett till en b\u00e4ttre produkt.<\/div>\n\t\t\t<\/div><div class=\"sober-faq\">\n\t\t\t\t<div class=\"question\">\n\t\t\t\t\t<span class=\"question-label\">Question<\/span>\n\t\t\t\t\t<span class=\"question-icon\"><span class=\"toggle-icon\"><\/span><\/span>\n\t\t\t\t\t<span class=\"question-title\">Varf\u00f6r ska jag anv\u00e4nda CBD?<\/span>\n\t\t\t\t<\/div>\n\t\t\t\t<div class=\"answer\"><span class=\"answer-label\">Answer<\/span>CBD \u00e4r en icke-psykoaktiv f\u00f6rening som varken ger n\u00e5got rus eller p\u00e5verkar medvetandet, vilket har bidragit till dess popularitet p\u00e5 m\u00e5nga marknader. Det anv\u00e4nds idag f\u00f6r en rad olika \u00e4ndam\u00e5l, fr\u00e5n att st\u00f6dja allm\u00e4nt v\u00e4lbefinnande till att hantera specifika behov. Tack vare sin m\u00e5ngsidighet kan CBD enkelt integreras i olika livsstilar och finns i m\u00e5nga former, b\u00e5de internt och externt, s\u00e5som oljor, kapslar, kr\u00e4mer och livsmedel. Numera finns CBD \u00e4ven i praktiska portionsp\u00e5sar fr\u00e5n oss p\u00e5 Voon, vilket g\u00f6r det \u00e4nnu enklare att f\u00e5 nytta av dess f\u00f6rdelar.<\/div>\n\t\t\t<\/div><div class=\"sober-faq\">\n\t\t\t\t<div class=\"question\">\n\t\t\t\t\t<span class=\"question-label\">Question<\/span>\n\t\t\t\t\t<span class=\"question-icon\"><span class=\"toggle-icon\"><\/span><\/span>\n\t\t\t\t\t<span class=\"question-title\">Kan jag bli h\u00f6g av CBD och \u00e4r det beroendeframkallande?<\/span>\n\t\t\t\t<\/div>\n\t\t\t\t<div class=\"answer\"><span class=\"answer-label\">Answer<\/span>Nej! CBD \u00e4r en icke-psykoaktiv f\u00f6rening till skillnad fr\u00e5n THC vilket inneb\u00e4r att du varken kan bli h\u00f6g av CBD eller beroende.<\/div>\n\t\t\t<\/div><\/div><\/div><\/div><\/div><div class=\"vc_row wpb_row vc_row-fluid vc_custom_1646197204784\"><div class=\"wpb_column vc_column_container vc_col-sm-12\"><div class=\"vc_column-inner\"><div class=\"wpb_wrapper\">\n\t<div class=\"wpb_text_column wpb_content_element faq-category\" >\n\t\t<div class=\"wpb_wrapper\">\n\t\t\t<p style=\"text-align: center;\">Produktspecifikation<\/p>\n\n\t\t<\/div>\n\t<\/div>\n<div class=\"vc_empty_space\"   style=\"height: 10px\"><span class=\"vc_empty_space_inner\"><\/span><\/div><div class=\"sober-faq\">\n\t\t\t\t<div class=\"question\">\n\t\t\t\t\t<span class=\"question-label\">Question<\/span>\n\t\t\t\t\t<span class=\"question-icon\"><span class=\"toggle-icon\"><\/span><\/span>\n\t\t\t\t\t<span class=\"question-title\">\u00c4r Voon hampasnus testade i lab?<\/span>\n\t\t\t\t<\/div>\n\t\t\t\t<div class=\"answer\"><span class=\"answer-label\">Answer<\/span>Ja. vi insisterar p\u00e5 de h\u00f6gsta standarderna f\u00f6r kvalitet och tillhandah\u00e5ller omfattande labbtester f\u00f6r varje produktbatch f\u00f6r att s\u00e4kerst\u00e4lla att konsumenterna h\u00e5ller sig informerade. F\u00f6r mer information om labbtester, bes\u00f6k v\u00e5r sida\u00a0<a href=\"https:\/\/getvoon.com\/sv\/lab-results\" target=\"_blank\" rel=\"noopener\">Labbresultat<\/a>\u00a0&nbsp;<\/div>\n\t\t\t<\/div><div class=\"sober-faq\">\n\t\t\t\t<div class=\"question\">\n\t\t\t\t\t<span class=\"question-label\">Question<\/span>\n\t\t\t\t\t<span class=\"question-icon\"><span class=\"toggle-icon\"><\/span><\/span>\n\t\t\t\t\t<span class=\"question-title\">Hur m\u00e5nga portionsp\u00e5sar rekommenderar ni dagligen?<\/span>\n\t\t\t\t<\/div>\n\t\t\t\t<div class=\"answer\"><span class=\"answer-label\">Answer<\/span>Vi rekommenderar ett dagligt intag av 20 till 80 mg CBD. M\u00e4ngden CBD som \u00e4r optimal kan d\u00e4remot variera fr\u00e5n person till person, s\u00e5 det kan vara f\u00f6rdelaktigt att experimentera och justera doseringen utefter f\u00f6r att hitta den m\u00e4ngd som fungerar b\u00e4st f\u00f6r dig. Det \u00e4r inte m\u00f6jligt att \u00f6verdosera CBD, men det \u00e4r viktigt att lyssna p\u00e5 din kropp och anpassa dosen efter din egen komfort och behov. Om du har n\u00e5gra fr\u00e5gor eller funderingar \u00e4r det rekommenderat att konsultera din l\u00e4kare.<\/div>\n\t\t\t<\/div><div class=\"sober-faq\">\n\t\t\t\t<div class=\"question\">\n\t\t\t\t\t<span class=\"question-label\">Question<\/span>\n\t\t\t\t\t<span class=\"question-icon\"><span class=\"toggle-icon\"><\/span><\/span>\n\t\t\t\t\t<span class=\"question-title\">Kommer Voon att f\u00e5 mig att k\u00e4nna mig h\u00f6g?<\/span>\n\t\t\t\t<\/div>\n\t\t\t\t<div class=\"answer\"><span class=\"answer-label\">Answer<\/span>Nej, v\u00e5ra hampaprodukter \u00e4r gjorda av hampa-baserad CBD och \u00e4r THC-fria. Vissa m\u00e4nniskor kan vara oroliga f\u00f6r att anv\u00e4nda CBD\/hampa eftersom de antar att det kan finnas en chans att bli h\u00f6g p\u00e5 grund av sambandet med cannabisplantan. Bredspektrum CBD\/hampaxtrakt \u00e4r dock inte psykoaktivt och kommer d\u00e4rf\u00f6r inte att inducera den \"h\u00f6ga\" effekten.<\/div>\n\t\t\t<\/div><div class=\"sober-faq\">\n\t\t\t\t<div class=\"question\">\n\t\t\t\t\t<span class=\"question-label\">Question<\/span>\n\t\t\t\t\t<span class=\"question-icon\"><span class=\"toggle-icon\"><\/span><\/span>\n\t\t\t\t\t<span class=\"question-title\">Var kan jag k\u00f6pa Voon produkter i butik?<\/span>\n\t\t\t\t<\/div>\n\t\t\t\t<div class=\"answer\"><span class=\"answer-label\">Answer<\/span>Kolla in v\u00e5r butikss\u00f6kare f\u00f6r att hitta den fysiska butiken n\u00e4rmast dig!<\/div>\n\t\t\t<\/div><div class=\"sober-faq\">\n\t\t\t\t<div class=\"question\">\n\t\t\t\t\t<span class=\"question-label\">Question<\/span>\n\t\t\t\t\t<span class=\"question-icon\"><span class=\"toggle-icon\"><\/span><\/span>\n\t\t\t\t\t<span class=\"question-title\">Kan jag anv\u00e4nda Voon fast jag inte snusar?<\/span>\n\t\t\t\t<\/div>\n\t\t\t\t<div class=\"answer\"><span class=\"answer-label\">Answer<\/span>Sj\u00e4lvklart! Voon \u00e4r 100% fritt fr\u00e5n nikotin och \u00e4r ett optimalt alternativ till att anv\u00e4nda CBD p\u00e5. Om du inte \u00e4r van vid snus kan det k\u00e4nnas lite ovant till en b\u00f6rjan att ha en portionsp\u00e5se under l\u00e4ppen, men precis som med andra nya h\u00e4lsotrender v\u00e4njer du dig snart. Inom kort kommer det att bli en sj\u00e4lvklar del av din dagliga rutin, och du kommer att undra varf\u00f6r du inte b\u00f6rjade tidigare.<\/div>\n\t\t\t<\/div><div class=\"sober-faq\">\n\t\t\t\t<div class=\"question\">\n\t\t\t\t\t<span class=\"question-label\">Question<\/span>\n\t\t\t\t\t<span class=\"question-icon\"><span class=\"toggle-icon\"><\/span><\/span>\n\t\t\t\t\t<span class=\"question-title\">Hur blir jag \u00e5terf\u00f6rs\u00e4ljare f\u00f6r Voon?<\/span>\n\t\t\t\t<\/div>\n\t\t\t\t<div class=\"answer\"><span class=\"answer-label\">Answer<\/span>V\u00e4nligen <a href=\"https:\/\/www.getvoon.com\/sv\/contact\/\">kontakta oss<\/a> direkt.<\/div>\n\t\t\t<\/div><\/div><\/div><\/div><\/div><div data-vc-full-width=\"true\" data-vc-full-width-init=\"false\" class=\"vc_row wpb_row vc_row-fluid newsletter vc_custom_1726821692184 vc_row-has-fill\"><div class=\"wpb_column vc_column_container vc_col-sm-12 vc_col-lg-8 vc_col-md-8\"><div class=\"vc_column-inner\"><div class=\"wpb_wrapper\"><h2 style=\"font-size: 25px;text-align: left\" class=\"vc_custom_heading text-left\" >Registrera dig f\u00f6r att spara 10%<\/h2>\n\t<div class=\"wpb_text_column wpb_content_element vc_custom_1646645975707\" >\n\t\t<div class=\"wpb_wrapper\">\n\t\t\t<p><span style=\"color: #23232c;\">P\u00e5 din f\u00f6rsta best\u00e4llning av Voon HampaSnus!<\/span><\/p>\n\n\t\t<\/div>\n\t<\/div>\n\n\t<div class=\"wpb_text_column wpb_content_element\" >\n\t\t<div class=\"wpb_wrapper\">\n\t\t\t<script>(function() {\n\twindow.mc4wp = window.mc4wp || {\n\t\tlisteners: [],\n\t\tforms: {\n\t\t\ton: function(evt, cb) {\n\t\t\t\twindow.mc4wp.listeners.push(\n\t\t\t\t\t{\n\t\t\t\t\t\tevent   : evt,\n\t\t\t\t\t\tcallback: cb\n\t\t\t\t\t}\n\t\t\t\t);\n\t\t\t}\n\t\t}\n\t}\n})();\n<\/script><!-- Mailchimp for WordPress v4.10.4 - https:\/\/wordpress.org\/plugins\/mailchimp-for-wp\/ --><form id=\"mc4wp-form-1\" class=\"mc4wp-form mc4wp-form-195\" method=\"post\" data-id=\"195\" data-name=\"Newsletter\" ><div class=\"mc4wp-form-fields\"><input type=\"email\" name=\"EMAIL\" placeholder=\"Din e-postadress\" required \/>\r\n<br><input type=\"submit\" value=\"Prenumerera\" \/><\/div><label style=\"display: none !important;\">L\u00e5t detta f\u00e4lt vara tomt om du \u00e4r m\u00e4nniska: <input type=\"text\" name=\"_mc4wp_honeypot\" value=\"\" tabindex=\"-1\" autocomplete=\"off\" \/><\/label><input type=\"hidden\" name=\"_mc4wp_timestamp\" value=\"1777116308\" \/><input type=\"hidden\" name=\"_mc4wp_form_id\" value=\"195\" \/><input type=\"hidden\" name=\"_mc4wp_form_element_id\" value=\"mc4wp-form-1\" \/><div class=\"mc4wp-response\"><\/div><input type=\"hidden\" name=\"trp-form-language\" value=\"sv\"\/><\/form><!-- \/ Mailchimp for WordPress Plugin -->\n\n\t\t<\/div>\n\t<\/div>\n<\/div><\/div><\/div><\/div><div class=\"vc_row-full-width vc_clearfix\"><\/div>\n<\/div>","protected":false},"excerpt":{"rendered":"Tell Me More About Voon Hemp Pouches We are here to answer all the questions you may have about our hemp pouches. General Question What is Hemp? AnswerTo kick off&hellip;","protected":false},"author":1,"featured_media":0,"parent":0,"menu_order":0,"comment_status":"closed","ping_status":"closed","template":"","meta":{"_monsterinsights_skip_tracking":false,"_monsterinsights_sitenote_active":false,"_monsterinsights_sitenote_note":"","_monsterinsights_sitenote_category":0,"footnotes":""},"class_list":["post-276","page","type-page","status-publish","hentry"],"yoast_head":"<!-- This site is optimized with the Yoast SEO plugin v25.3 - https:\/\/yoast.com\/wordpress\/plugins\/seo\/ -->\n<title>FAQs - Get Voon Vegan &amp; Smokeless Hemp Pouches from Scandinavia<\/title>\n<meta name=\"description\" content=\"Frequently Asked Questions (FAQs) about Voon Natural hemp pouches products. Get all (or most of) your answers here!\" \/>\n<meta name=\"robots\" content=\"index, follow, max-snippet:-1, max-image-preview:large, max-video-preview:-1\" \/>\n<link rel=\"canonical\" href=\"https:\/\/www.getvoon.com\/sv\/faqs\/\" \/>\n<meta property=\"og:locale\" content=\"sv_SE\" \/>\n<meta property=\"og:type\" content=\"article\" \/>\n<meta property=\"og:title\" content=\"FAQs - Get Voon Vegan &amp; Smokeless Hemp Pouches from Scandinavia\" \/>\n<meta property=\"og:description\" content=\"Frequently Asked Questions (FAQs) about Voon Natural hemp pouches products. Get all (or most of) your answers here!\" \/>\n<meta property=\"og:url\" content=\"https:\/\/www.getvoon.com\/sv\/faqs\/\" \/>\n<meta property=\"og:site_name\" content=\"Get Voon\" \/>\n<meta property=\"article:modified_time\" content=\"2025-04-14T03:43:40+00:00\" \/>\n<meta property=\"og:image\" content=\"https:\/\/www.getvoon.com\/wp-content\/uploads\/2022\/03\/voon-home-page-popup-2024.jpg\" \/>\n\t<meta property=\"og:image:width\" content=\"450\" \/>\n\t<meta property=\"og:image:height\" content=\"506\" \/>\n\t<meta property=\"og:image:type\" content=\"image\/jpeg\" \/>\n<meta name=\"twitter:card\" content=\"summary_large_image\" \/>\n<meta name=\"twitter:image\" content=\"https:\/\/www.getvoon.com\/wp-content\/uploads\/2022\/03\/voon-home-page-popup-2024.jpg\" \/>\n<meta name=\"twitter:label1\" content=\"Ber\u00e4knad l\u00e4stid\" \/>\n\t<meta name=\"twitter:data1\" content=\"10 minuter\" \/>\n<script type=\"application\/ld+json\" class=\"yoast-schema-graph\">{\"@context\":\"https:\/\/schema.org\",\"@graph\":[{\"@type\":\"WebPage\",\"@id\":\"https:\/\/www.getvoon.com\/faqs\/\",\"url\":\"https:\/\/www.getvoon.com\/faqs\/\",\"name\":\"FAQs - Get Voon Vegan &amp; Smokeless Hemp Pouches from Scandinavia\",\"isPartOf\":{\"@id\":\"https:\/\/www.getvoon.com\/#website\"},\"datePublished\":\"2017-06-08T10:39:59+00:00\",\"dateModified\":\"2025-04-14T03:43:40+00:00\",\"description\":\"Frequently Asked Questions (FAQs) about Voon Natural hemp pouches products. Get all (or most of) your answers here!\",\"breadcrumb\":{\"@id\":\"https:\/\/www.getvoon.com\/faqs\/#breadcrumb\"},\"inLanguage\":\"sv-SE\",\"potentialAction\":[{\"@type\":\"ReadAction\",\"target\":[\"https:\/\/www.getvoon.com\/faqs\/\"]}]},{\"@type\":\"BreadcrumbList\",\"@id\":\"https:\/\/www.getvoon.com\/faqs\/#breadcrumb\",\"itemListElement\":[{\"@type\":\"ListItem\",\"position\":1,\"name\":\"Home\",\"item\":\"https:\/\/www.getvoon.com\/\"},{\"@type\":\"ListItem\",\"position\":2,\"name\":\"FAQs\"}]},{\"@type\":\"WebSite\",\"@id\":\"https:\/\/www.getvoon.com\/#website\",\"url\":\"https:\/\/www.getvoon.com\/\",\"name\":\"Get Voon\",\"description\":\"Vegan &amp; Smokeless Hemp Pouches from Scandinavia\",\"publisher\":{\"@id\":\"https:\/\/www.getvoon.com\/#organization\"},\"potentialAction\":[{\"@type\":\"SearchAction\",\"target\":{\"@type\":\"EntryPoint\",\"urlTemplate\":\"https:\/\/www.getvoon.com\/?s={search_term_string}\"},\"query-input\":{\"@type\":\"PropertyValueSpecification\",\"valueRequired\":true,\"valueName\":\"search_term_string\"}}],\"inLanguage\":\"sv-SE\"},{\"@type\":\"Organization\",\"@id\":\"https:\/\/www.getvoon.com\/#organization\",\"name\":\"Voon Innovations\",\"url\":\"https:\/\/www.getvoon.com\/\",\"logo\":{\"@type\":\"ImageObject\",\"inLanguage\":\"sv-SE\",\"@id\":\"https:\/\/www.getvoon.com\/#\/schema\/logo\/image\/\",\"url\":\"https:\/\/www.getvoon.com\/wp-content\/uploads\/2022\/02\/voon-logo-dark-600.png\",\"contentUrl\":\"https:\/\/www.getvoon.com\/wp-content\/uploads\/2022\/02\/voon-logo-dark-600.png\",\"width\":600,\"height\":276,\"caption\":\"Voon Innovations\"},\"image\":{\"@id\":\"https:\/\/www.getvoon.com\/#\/schema\/logo\/image\/\"}}]}<\/script>\n<!-- \/ Yoast SEO plugin. -->","yoast_head_json":{"title":"FAQs - Get Voon Vegan &amp; Smokeless Hemp Pouches from Scandinavia","description":"Frequently Asked Questions (FAQs) about Voon Natural hemp pouches products. Get all (or most of) your answers here!","robots":{"index":"index","follow":"follow","max-snippet":"max-snippet:-1","max-image-preview":"max-image-preview:large","max-video-preview":"max-video-preview:-1"},"canonical":"https:\/\/www.getvoon.com\/sv\/faqs\/","og_locale":"sv_SE","og_type":"article","og_title":"FAQs - Get Voon Vegan &amp; Smokeless Hemp Pouches from Scandinavia","og_description":"Frequently Asked Questions (FAQs) about Voon Natural hemp pouches products. Get all (or most of) your answers here!","og_url":"https:\/\/www.getvoon.com\/sv\/faqs\/","og_site_name":"Get Voon","article_modified_time":"2025-04-14T03:43:40+00:00","og_image":[{"width":450,"height":506,"url":"https:\/\/www.getvoon.com\/wp-content\/uploads\/2022\/03\/voon-home-page-popup-2024.jpg","type":"image\/jpeg"}],"twitter_card":"summary_large_image","twitter_image":"https:\/\/www.getvoon.com\/wp-content\/uploads\/2022\/03\/voon-home-page-popup-2024.jpg","twitter_misc":{"Ber\u00e4knad l\u00e4stid":"10 minuter"},"schema":{"@context":"https:\/\/schema.org","@graph":[{"@type":"WebPage","@id":"https:\/\/www.getvoon.com\/faqs\/","url":"https:\/\/www.getvoon.com\/faqs\/","name":"FAQs - Get Voon Vegan &amp; Smokeless Hemp Pouches from Scandinavia","isPartOf":{"@id":"https:\/\/www.getvoon.com\/#website"},"datePublished":"2017-06-08T10:39:59+00:00","dateModified":"2025-04-14T03:43:40+00:00","description":"Frequently Asked Questions (FAQs) about Voon Natural hemp pouches products. Get all (or most of) your answers here!","breadcrumb":{"@id":"https:\/\/www.getvoon.com\/faqs\/#breadcrumb"},"inLanguage":"sv-SE","potentialAction":[{"@type":"ReadAction","target":["https:\/\/www.getvoon.com\/faqs\/"]}]},{"@type":"BreadcrumbList","@id":"https:\/\/www.getvoon.com\/faqs\/#breadcrumb","itemListElement":[{"@type":"ListItem","position":1,"name":"Home","item":"https:\/\/www.getvoon.com\/"},{"@type":"ListItem","position":2,"name":"FAQs"}]},{"@type":"WebSite","@id":"https:\/\/www.getvoon.com\/#website","url":"https:\/\/www.getvoon.com\/","name":"Get Voon","description":"Vegan &amp; Smokeless Hemp Pouches from Scandinavia","publisher":{"@id":"https:\/\/www.getvoon.com\/#organization"},"potentialAction":[{"@type":"SearchAction","target":{"@type":"EntryPoint","urlTemplate":"https:\/\/www.getvoon.com\/?s={search_term_string}"},"query-input":{"@type":"PropertyValueSpecification","valueRequired":true,"valueName":"search_term_string"}}],"inLanguage":"sv-SE"},{"@type":"Organization","@id":"https:\/\/www.getvoon.com\/#organization","name":"Voon Innovations","url":"https:\/\/www.getvoon.com\/","logo":{"@type":"ImageObject","inLanguage":"sv-SE","@id":"https:\/\/www.getvoon.com\/#\/schema\/logo\/image\/","url":"https:\/\/www.getvoon.com\/wp-content\/uploads\/2022\/02\/voon-logo-dark-600.png","contentUrl":"https:\/\/www.getvoon.com\/wp-content\/uploads\/2022\/02\/voon-logo-dark-600.png","width":600,"height":276,"caption":"Voon Innovations"},"image":{"@id":"https:\/\/www.getvoon.com\/#\/schema\/logo\/image\/"}}]}},"_links":{"self":[{"href":"https:\/\/www.getvoon.com\/sv\/wp-json\/wp\/v2\/pages\/276","targetHints":{"allow":["GET"]}}],"collection":[{"href":"https:\/\/www.getvoon.com\/sv\/wp-json\/wp\/v2\/pages"}],"about":[{"href":"https:\/\/www.getvoon.com\/sv\/wp-json\/wp\/v2\/types\/page"}],"author":[{"embeddable":true,"href":"https:\/\/www.getvoon.com\/sv\/wp-json\/wp\/v2\/users\/1"}],"replies":[{"embeddable":true,"href":"https:\/\/www.getvoon.com\/sv\/wp-json\/wp\/v2\/comments?post=276"}],"version-history":[{"count":34,"href":"https:\/\/www.getvoon.com\/sv\/wp-json\/wp\/v2\/pages\/276\/revisions"}],"predecessor-version":[{"id":7774,"href":"https:\/\/www.getvoon.com\/sv\/wp-json\/wp\/v2\/pages\/276\/revisions\/7774"}],"wp:attachment":[{"href":"https:\/\/www.getvoon.com\/sv\/wp-json\/wp\/v2\/media?parent=276"}],"curies":[{"name":"wp","href":"https:\/\/api.w.org\/{rel}","templated":true}]}}