{"id":240,"date":"2017-06-07T14:30:24","date_gmt":"2017-06-07T14:30:24","guid":{"rendered":"http:\/\/demo.uix.store\/sober-furniture\/?page_id=240"},"modified":"2025-04-14T05:48:26","modified_gmt":"2025-04-14T03:48:26","slug":"our-story","status":"publish","type":"page","link":"https:\/\/www.getvoon.com\/sv\/our-story\/","title":{"rendered":"V\u00e5r Story"},"content":{"rendered":"<div class=\"wpb-content-wrapper\"><div data-vc-full-width=\"true\" data-vc-full-width-init=\"false\" data-vc-stretch-content=\"true\" class=\"vc_row wpb_row vc_row-fluid vc_row-no-padding\"><div class=\"pageheader wpb_column vc_column_container vc_col-sm-4\"><div class=\"vc_column-inner vc_custom_1645704314745\"><div class=\"wpb_wrapper\">\n\t<div class=\"wpb_text_column wpb_content_element\" >\n\t\t<div class=\"wpb_wrapper\">\n\t\t\t<h2>Ursprung<br \/>\n&amp; Inspiration<\/h2>\n\n\t\t<\/div>\n\t<\/div>\n<div class=\"vc_empty_space\"   style=\"height: 15px\"><span class=\"vc_empty_space_inner\"><\/span><\/div><p style=\"text-align: left\" class=\"vc_custom_heading story vc_custom_1646648847424 text-left\" >Voon Innovation skapades efter en avslappnad middagsdiskussion p\u00e5 restaurang Miss Voon i Stockholm den 25 juni 2020.<\/p><p style=\"text-align: left\" class=\"vc_custom_heading story vc_custom_1646648864506 text-left\" >De som tr\u00e4ffades hade l\u00e5ng erfarenhet inom snus- och cannabisindustrin b\u00e5de i USA och Europa. Diskussionen ledde ganska snabbt fram till fr\u00e5gan - \"\u00c4r det m\u00f6jligt att g\u00f6ra ett bra r\u00f6kfritt Cannabisalternativ i form av ett snus?\"<\/p><h3 style=\"text-align: left\" class=\"vc_custom_heading quote vc_custom_1645701766644 text-left\" >\"\u00c4r det m\u00f6jligt att g\u00f6ra ett bra r\u00f6kfritt Cannabisalternativ i form av ett snus?\"<\/h3><p style=\"text-align: left\" class=\"vc_custom_heading story vc_custom_1646648882056 text-left\" >Svaret var inte enkelt. Traditionellt snus \u00e4r en form av r\u00f6kfri tobak i en portionsp\u00e5se som placeras under \u00f6verl\u00e4ppen. N\u00e4r p\u00e5sen blir bl\u00f6t l\u00f6ses nikotinet upp av saliven och tas snabbt upp i blodomloppet genom slemhinnorna i l\u00e4ppen och tandk\u00f6ttet. Cannabis \u00e4r d\u00e4remot inte l\u00f6sligt i saliv p\u00e5 grund av dess oljiga natur och skulle inte tas upp effektivt av kroppen om det bara placerades i en p\u00e5se.<\/p><\/div><\/div><\/div><div class=\"wpb_column vc_column_container vc_col-sm-8\"><div class=\"vc_column-inner\"><div class=\"wpb_wrapper\">\n\t<div  class=\"wpb_single_image wpb_content_element vc_align_center wpb_content_element\">\n\t\t\n\t\t<figure class=\"wpb_wrapper vc_figure\">\n\t\t\t<div class=\"vc_single_image-wrapper   vc_box_border_grey\"><img loading=\"lazy\" decoding=\"async\" width=\"1440\" height=\"1800\" src=\"https:\/\/www.getvoon.com\/wp-content\/uploads\/2023\/08\/voon-hemp-pouches-story-image1_v1.3.jpg\" class=\"vc_single_image-img attachment-full\" srcset=\"https:\/\/www.getvoon.com\/wp-content\/uploads\/2023\/08\/voon-hemp-pouches-story-image1_v1.3.jpg 1440w, https:\/\/www.getvoon.com\/wp-content\/uploads\/2023\/08\/voon-hemp-pouches-story-image1_v1.3-240x300.jpg 240w, https:\/\/www.getvoon.com\/wp-content\/uploads\/2023\/08\/voon-hemp-pouches-story-image1_v1.3-819x1024.jpg 819w, https:\/\/www.getvoon.com\/wp-content\/uploads\/2023\/08\/voon-hemp-pouches-story-image1_v1.3-768x960.jpg 768w, https:\/\/www.getvoon.com\/wp-content\/uploads\/2023\/08\/voon-hemp-pouches-story-image1_v1.3-1229x1536.jpg 1229w, https:\/\/www.getvoon.com\/wp-content\/uploads\/2023\/08\/voon-hemp-pouches-story-image1_v1.3-10x12.jpg 10w, https:\/\/www.getvoon.com\/wp-content\/uploads\/2023\/08\/voon-hemp-pouches-story-image1_v1.3-800x1000.jpg 800w, https:\/\/www.getvoon.com\/wp-content\/uploads\/2023\/08\/voon-hemp-pouches-story-image1_v1.3-80x100.jpg 80w, https:\/\/www.getvoon.com\/wp-content\/uploads\/2023\/08\/voon-hemp-pouches-story-image1_v1.3-160x200.jpg 160w\" sizes=\"auto, (max-width: 1440px) 100vw, 1440px\" \/><\/div>\n\t\t<\/figure>\n\t<\/div>\n<\/div><\/div><\/div><\/div><div class=\"vc_row-full-width vc_clearfix\"><\/div><div data-vc-full-width=\"true\" data-vc-full-width-init=\"false\" data-vc-stretch-content=\"true\" class=\"vc_row wpb_row vc_row-fluid vc_row-no-padding\"><div class=\"pageheader wpb_column vc_column_container vc_col-sm-4\"><div class=\"vc_column-inner vc_custom_1645705801286\"><div class=\"wpb_wrapper\">\n\t<div class=\"wpb_text_column wpb_content_element\" >\n\t\t<div class=\"wpb_wrapper\">\n\t\t\t<h2>Forskning &amp;<br \/>\nUtveckling<\/h2>\n\n\t\t<\/div>\n\t<\/div>\n<div class=\"vc_empty_space\"   style=\"height: 15px\"><span class=\"vc_empty_space_inner\"><\/span><\/div><p style=\"text-align: left\" class=\"vc_custom_heading story vc_custom_1726647820204 text-left\" >F\u00f6r att hitta en l\u00f6sning, kombinerade vi v\u00e5ra kunskaper fr\u00e5n snus- och cannabisindustrin med den senaste nano- och formuleringsteknologin. Flera m\u00e5nader av kreativa m\u00f6ten och grundlig experimentell forskning resulterade s\u00e5 sm\u00e5ningom i en effektiv och s\u00e4ker hampaformulering i en portionsp\u00e5se.\nV\u00e5r m\u00e5ls\u00e4ttning var att skapa en intelligent produkt som inte bara ger \u00f6verl\u00e4gsen absorptionsf\u00f6rm\u00e5ga, utan ocks\u00e5 l\u00f6sa de formuleringsutmaningar som hampaolja och isolat vanligtvis har.<\/p><h3 style=\"text-align: left\" class=\"vc_custom_heading quote vc_custom_1646648991400 text-left\" >M\u00e5ls\u00e4ttningen var att skapa en intelligent produkt som inte bara ger \u00f6verl\u00e4gsen absorptionsf\u00f6rm\u00e5ga, utan ocks\u00e5 l\u00f6ser de formuleringsutmaningar som hampaolja och isolat vanligtvis har.<\/h3><div class=\"vc_empty_space\"   style=\"height: 60px\"><span class=\"vc_empty_space_inner\"><\/span><\/div>\n\t<div class=\"wpb_text_column wpb_content_element\" >\n\t\t<div class=\"wpb_wrapper\">\n\t\t\t<h2>Tillverkad i<br \/>\nSverige<\/h2>\n\n\t\t<\/div>\n\t<\/div>\n<div class=\"vc_empty_space\"   style=\"height: 15px\"><span class=\"vc_empty_space_inner\"><\/span><\/div>\n\t<div class=\"wpb_text_column wpb_content_element story2\" >\n\t\t<div class=\"wpb_wrapper\">\n\t\t\t<p>Voon tillverkas och utvecklas i hj\u00e4rtat av <span style=\"font-family: gilroy-extrabold;\">Helsingborg,<\/span> en stad med en rik tradition av innovation och kvalitet. H\u00e4r sm\u00e4lter modern forskning och utveckling samman med Sveriges ber\u00f6mda str\u00e4van efter perfektion. V\u00e5r produktionsprocess \u00e4r noggrant utformad f\u00f6r att s\u00e4kerst\u00e4lla att varje produkt uppfyller v\u00e5ra h\u00f6ga standarder f\u00f6r kvalitet och h\u00e5llbarhet, vilket ger v\u00e5ra kunder en f\u00f6rstklassig upplevelse fr\u00e5n b\u00f6rjan till slut.<\/p>\n\n\t\t<\/div>\n\t<\/div>\n<\/div><\/div><\/div><div class=\"wpb_column vc_column_container vc_col-sm-8\"><div class=\"vc_column-inner\"><div class=\"wpb_wrapper\">\n\t<div  class=\"wpb_single_image wpb_content_element vc_align_center wpb_content_element\">\n\t\t\n\t\t<figure class=\"wpb_wrapper vc_figure\">\n\t\t\t<div class=\"vc_single_image-wrapper   vc_box_border_grey\"><img loading=\"lazy\" decoding=\"async\" width=\"1440\" height=\"1800\" src=\"https:\/\/www.getvoon.com\/wp-content\/uploads\/2023\/08\/voon-hemp-pouches-story-image2_v1.2.jpg\" class=\"vc_single_image-img attachment-full\" srcset=\"https:\/\/www.getvoon.com\/wp-content\/uploads\/2023\/08\/voon-hemp-pouches-story-image2_v1.2.jpg 1440w, https:\/\/www.getvoon.com\/wp-content\/uploads\/2023\/08\/voon-hemp-pouches-story-image2_v1.2-240x300.jpg 240w, https:\/\/www.getvoon.com\/wp-content\/uploads\/2023\/08\/voon-hemp-pouches-story-image2_v1.2-819x1024.jpg 819w, https:\/\/www.getvoon.com\/wp-content\/uploads\/2023\/08\/voon-hemp-pouches-story-image2_v1.2-768x960.jpg 768w, https:\/\/www.getvoon.com\/wp-content\/uploads\/2023\/08\/voon-hemp-pouches-story-image2_v1.2-1229x1536.jpg 1229w, https:\/\/www.getvoon.com\/wp-content\/uploads\/2023\/08\/voon-hemp-pouches-story-image2_v1.2-10x12.jpg 10w, https:\/\/www.getvoon.com\/wp-content\/uploads\/2023\/08\/voon-hemp-pouches-story-image2_v1.2-800x1000.jpg 800w, https:\/\/www.getvoon.com\/wp-content\/uploads\/2023\/08\/voon-hemp-pouches-story-image2_v1.2-80x100.jpg 80w, https:\/\/www.getvoon.com\/wp-content\/uploads\/2023\/08\/voon-hemp-pouches-story-image2_v1.2-160x200.jpg 160w\" sizes=\"auto, (max-width: 1440px) 100vw, 1440px\" \/><\/div>\n\t\t<\/figure>\n\t<\/div>\n<\/div><\/div><\/div><\/div><div class=\"vc_row-full-width vc_clearfix\"><\/div><div data-vc-full-width=\"true\" data-vc-full-width-init=\"false\" data-vc-stretch-content=\"true\" class=\"vc_row wpb_row vc_row-fluid vc_row-no-padding\"><div class=\"pageheader wpb_column vc_column_container vc_col-sm-4\"><div class=\"vc_column-inner vc_custom_1645704386863\"><div class=\"wpb_wrapper\">\n\t<div class=\"wpb_text_column wpb_content_element\" >\n\t\t<div class=\"wpb_wrapper\">\n\t\t\t<h2>Resultat<\/h2>\n\n\t\t<\/div>\n\t<\/div>\n<div class=\"vc_empty_space\"   style=\"height: 15px\"><span class=\"vc_empty_space_inner\"><\/span><\/div><p style=\"text-align: left\" class=\"vc_custom_heading story vc_custom_1646649030053 text-left\" ><a href=\"https:\/\/www.getvoon.com\/sv\/nano-infused-hemp\/\" target=\"_blank\" title=\"Nano Technology\">Vi kan nu presentera en unik nano-infunderad hampaformulering med b\u00e4ttre och snabbare biotillg\u00e4nglighet j\u00e4mf\u00f6rt med konventionella r\u00f6kfria alternativ. V\u00e5r nano-infunderade formulering g\u00f6r att hampan kan absorberas effektivt och direkt under l\u00e4ppen. Nanopartiklarna \u00e4r s\u00e5 sm\u00e5 att de kan passera rakt genom kroppens biologiska membran. VOON str\u00e4var efter att erbjuda samma leveranstid som vid r\u00f6kning, dvs under 10 minuter. Som j\u00e4mf\u00f6relse \u00e4r upptaget fr\u00e5n \u00e4tbara varor och oljor ganska l\u00e5ngsamt och kan ta upp till 45 minuter f\u00f6r att n\u00e5 den systemiska blodcirkulationen. Mycket av hampan g\u00e5r \u00e4ven till spillo l\u00e4ngs v\u00e4gen p\u00e5 grund av bortforsling eller nedbrytning i mag-tarmkanalen och levern. Absorption genom munslemhinnan m\u00f6jligg\u00f6r d\u00e4remot direkt upptag till den systemiska blodcirkulationen, utan att beh\u00f6va passera mag-tarmkanalen eller levern.<\/a><\/p><p style=\"text-align: left\" class=\"vc_custom_heading story vc_custom_1646649034806 text-left\" >Som j\u00e4mf\u00f6relse \u00e4r upptaget fr\u00e5n \u00e4tbara varor och oljor ganska l\u00e5ngsamt och kan ta upp till 45 minuter f\u00f6r att n\u00e5 den systemiska blodcirkulationen. Mycket av hampan g\u00e5r \u00e4ven till spillo l\u00e4ngs v\u00e4gen p\u00e5 grund av bortforsling eller nedbrytning i mag-tarmkanalen och levern. Absorption genom munslemhinnan d\u00e4remot m\u00f6jligg\u00f6r d\u00e4remot direkt upptag till den systemiska blodcirkulationen, utan att beh\u00f6va passera mag-tarmkanalen eller levern.<\/p><p style=\"text-align: left\" class=\"vc_custom_heading story vc_custom_1650423367608 text-left\" >Vi anv\u00e4nder naturliga och s\u00e4kra ingredienser i v\u00e5r formulering, den \u00e4r fri fr\u00e5n tobak, nikotin, gluten, och \u00e4r sj\u00e4lvklart vegansk.\n\nSmaks\u00e4ttning har ocks\u00e5 varit en stor och viktig del av utvecklingsarbetet. V\u00e5ra p\u00e5sar finns d\u00e4rf\u00f6r i olika v\u00e4lutvecklade smaker f\u00f6r en optimal konsumentupplevelse.<\/p><div class=\"vc_empty_space\"   style=\"height: 60px\"><span class=\"vc_empty_space_inner\"><\/span><\/div>\n\t<div class=\"wpb_text_column wpb_content_element\" >\n\t\t<div class=\"wpb_wrapper\">\n\t\t\t<h2>M\u00e5ls\u00e4ttning<\/h2>\n\n\t\t<\/div>\n\t<\/div>\n<p style=\"text-align: left\" class=\"vc_custom_heading story vc_custom_1646649098277 text-left\" >Voons m\u00e5l \u00e4r att bli marknadsledare inom r\u00f6kfri Cannabis och bli ett naturligt val f\u00f6r dig som letar efter ett smart r\u00f6kfritt alternativ f\u00f6r att konsumera Cannabis som tex hampa. Vi kommer forts\u00e4tta att utveckla och f\u00f6rb\u00e4ttra r\u00f6kfria Cannabisprodukter f\u00f6r v\u00e5ra konsumenter.<\/p><div class=\"vc_empty_space\"   style=\"height: 15px\"><span class=\"vc_empty_space_inner\"><\/span><\/div><a href=\"https:\/\/www.getvoon.com\/sv\/shop\/\" title=\"Shop Hemp Pouches\" class=\"sober-button button-type-normal button-color-dark align-inline   button small button-small\">V\u00e5ra Smaker<\/a><div class=\"vc_empty_space\"   style=\"height: 30px\"><span class=\"vc_empty_space_inner\"><\/span><\/div><\/div><\/div><\/div><div class=\"wpb_column vc_column_container vc_col-sm-8\" id=\"results-image\"><div class=\"vc_column-inner\"><div class=\"wpb_wrapper\">\n\t<div  class=\"wpb_single_image wpb_content_element vc_align_center wpb_content_element\">\n\t\t\n\t\t<figure class=\"wpb_wrapper vc_figure\">\n\t\t\t<div class=\"vc_single_image-wrapper   vc_box_border_grey\"><img loading=\"lazy\" decoding=\"async\" width=\"1600\" height=\"2400\" src=\"https:\/\/www.getvoon.com\/wp-content\/uploads\/2023\/08\/voon-hemp-pouches-story-image3_v1.2.jpg\" class=\"vc_single_image-img attachment-full\" srcset=\"https:\/\/www.getvoon.com\/wp-content\/uploads\/2023\/08\/voon-hemp-pouches-story-image3_v1.2.jpg 1600w, https:\/\/www.getvoon.com\/wp-content\/uploads\/2023\/08\/voon-hemp-pouches-story-image3_v1.2-200x300.jpg 200w, https:\/\/www.getvoon.com\/wp-content\/uploads\/2023\/08\/voon-hemp-pouches-story-image3_v1.2-683x1024.jpg 683w, https:\/\/www.getvoon.com\/wp-content\/uploads\/2023\/08\/voon-hemp-pouches-story-image3_v1.2-768x1152.jpg 768w, https:\/\/www.getvoon.com\/wp-content\/uploads\/2023\/08\/voon-hemp-pouches-story-image3_v1.2-1024x1536.jpg 1024w, https:\/\/www.getvoon.com\/wp-content\/uploads\/2023\/08\/voon-hemp-pouches-story-image3_v1.2-1365x2048.jpg 1365w, https:\/\/www.getvoon.com\/wp-content\/uploads\/2023\/08\/voon-hemp-pouches-story-image3_v1.2-8x12.jpg 8w, https:\/\/www.getvoon.com\/wp-content\/uploads\/2023\/08\/voon-hemp-pouches-story-image3_v1.2-800x1200.jpg 800w\" sizes=\"auto, (max-width: 1600px) 100vw, 1600px\" \/><\/div>\n\t\t<\/figure>\n\t<\/div>\n<\/div><\/div><\/div><\/div><div class=\"vc_row-full-width vc_clearfix\"><\/div><div data-vc-full-width=\"true\" data-vc-full-width-init=\"false\" class=\"vc_row wpb_row vc_row-fluid newsletter vc_custom_1726804237689 vc_row-has-fill\"><div class=\"wpb_column vc_column_container vc_col-sm-12 vc_col-lg-8 vc_col-md-8\"><div class=\"vc_column-inner\"><div class=\"wpb_wrapper\"><h2 style=\"font-size: 25px;text-align: left\" class=\"vc_custom_heading text-left\" >Registrera dig f\u00f6r att spara 10%<\/h2>\n\t<div class=\"wpb_text_column wpb_content_element vc_custom_1646630476811\" >\n\t\t<div class=\"wpb_wrapper\">\n\t\t\t<p><span style=\"color: #23232c;\">P\u00e5 din f\u00f6rsta best\u00e4llning av Voon HampaSnus!<\/span><\/p>\n\n\t\t<\/div>\n\t<\/div>\n\n\t<div class=\"wpb_text_column wpb_content_element\" >\n\t\t<div class=\"wpb_wrapper\">\n\t\t\t<script>(function() {\n\twindow.mc4wp = window.mc4wp || {\n\t\tlisteners: [],\n\t\tforms: {\n\t\t\ton: function(evt, cb) {\n\t\t\t\twindow.mc4wp.listeners.push(\n\t\t\t\t\t{\n\t\t\t\t\t\tevent   : evt,\n\t\t\t\t\t\tcallback: cb\n\t\t\t\t\t}\n\t\t\t\t);\n\t\t\t}\n\t\t}\n\t}\n})();\n<\/script><!-- Mailchimp for WordPress v4.10.4 - https:\/\/wordpress.org\/plugins\/mailchimp-for-wp\/ --><form id=\"mc4wp-form-1\" class=\"mc4wp-form mc4wp-form-195\" method=\"post\" data-id=\"195\" data-name=\"Newsletter\" ><div class=\"mc4wp-form-fields\"><input type=\"email\" name=\"EMAIL\" placeholder=\"Din e-postadress\" required \/>\r\n<br><input type=\"submit\" value=\"Prenumerera\" \/><\/div><label style=\"display: none !important;\">L\u00e5t detta f\u00e4lt vara tomt om du \u00e4r m\u00e4nniska: <input type=\"text\" name=\"_mc4wp_honeypot\" value=\"\" tabindex=\"-1\" autocomplete=\"off\" \/><\/label><input type=\"hidden\" name=\"_mc4wp_timestamp\" value=\"1777468473\" \/><input type=\"hidden\" name=\"_mc4wp_form_id\" value=\"195\" \/><input type=\"hidden\" name=\"_mc4wp_form_element_id\" value=\"mc4wp-form-1\" \/><div class=\"mc4wp-response\"><\/div><input type=\"hidden\" name=\"trp-form-language\" value=\"sv\"\/><\/form><!-- \/ Mailchimp for WordPress Plugin -->\n\n\t\t<\/div>\n\t<\/div>\n<\/div><\/div><\/div><\/div><div class=\"vc_row-full-width vc_clearfix\"><\/div>\n<\/div>","protected":false},"excerpt":{"rendered":"The Origin &amp; Inspirations Voon Innovation\u2019s origins sprouted from a casual dinner discussion at the Miss Voon restaurant in Stockholm on June 25th, 2020.The people that met had long experience&hellip;","protected":false},"author":1,"featured_media":0,"parent":0,"menu_order":0,"comment_status":"closed","ping_status":"closed","template":"templates\/full-width.php","meta":{"_monsterinsights_skip_tracking":false,"_monsterinsights_sitenote_active":false,"_monsterinsights_sitenote_note":"","_monsterinsights_sitenote_category":0,"footnotes":""},"class_list":["post-240","page","type-page","status-publish","hentry"],"yoast_head":"<!-- This site is optimized with the Yoast SEO plugin v25.3 - https:\/\/yoast.com\/wordpress\/plugins\/seo\/ -->\n<title>Our Story - Get Voon Vegan &amp; Smokeless Hemp Pouches from Scandinavia<\/title>\n<meta name=\"description\" content=\"The story behind the revolutionary Voon hemp pouches. Learn more about how Voon came to be, from its Swedish origins to the journey along.\" \/>\n<meta name=\"robots\" content=\"index, follow, max-snippet:-1, max-image-preview:large, max-video-preview:-1\" \/>\n<link rel=\"canonical\" href=\"https:\/\/www.getvoon.com\/sv\/our-story\/\" \/>\n<meta property=\"og:locale\" content=\"sv_SE\" \/>\n<meta property=\"og:type\" content=\"article\" \/>\n<meta property=\"og:title\" content=\"Our Story - Get Voon Vegan &amp; Smokeless Hemp Pouches from Scandinavia\" \/>\n<meta property=\"og:description\" content=\"The story behind the revolutionary Voon hemp pouches. Learn more about how Voon came to be, from its Swedish origins to the journey along.\" \/>\n<meta property=\"og:url\" content=\"https:\/\/www.getvoon.com\/sv\/our-story\/\" \/>\n<meta property=\"og:site_name\" content=\"Get Voon\" \/>\n<meta property=\"article:modified_time\" content=\"2025-04-14T03:48:26+00:00\" \/>\n<meta property=\"og:image\" content=\"https:\/\/www.getvoon.com\/wp-content\/uploads\/2022\/03\/voon-home-page-popup-2024.jpg\" \/>\n\t<meta property=\"og:image:width\" content=\"450\" \/>\n\t<meta property=\"og:image:height\" content=\"506\" \/>\n\t<meta property=\"og:image:type\" content=\"image\/jpeg\" \/>\n<meta name=\"twitter:card\" content=\"summary_large_image\" \/>\n<meta name=\"twitter:image\" content=\"https:\/\/www.getvoon.com\/wp-content\/uploads\/2022\/03\/voon-home-page-popup-2024.jpg\" \/>\n<meta name=\"twitter:label1\" content=\"Ber\u00e4knad l\u00e4stid\" \/>\n\t<meta name=\"twitter:data1\" content=\"3 minuter\" \/>\n<script type=\"application\/ld+json\" class=\"yoast-schema-graph\">{\"@context\":\"https:\/\/schema.org\",\"@graph\":[{\"@type\":\"WebPage\",\"@id\":\"https:\/\/www.getvoon.com\/our-story\/\",\"url\":\"https:\/\/www.getvoon.com\/our-story\/\",\"name\":\"Our Story - Get Voon Vegan &amp; Smokeless Hemp Pouches from Scandinavia\",\"isPartOf\":{\"@id\":\"https:\/\/www.getvoon.com\/#website\"},\"datePublished\":\"2017-06-07T14:30:24+00:00\",\"dateModified\":\"2025-04-14T03:48:26+00:00\",\"description\":\"The story behind the revolutionary Voon hemp pouches. Learn more about how Voon came to be, from its Swedish origins to the journey along.\",\"breadcrumb\":{\"@id\":\"https:\/\/www.getvoon.com\/our-story\/#breadcrumb\"},\"inLanguage\":\"sv-SE\",\"potentialAction\":[{\"@type\":\"ReadAction\",\"target\":[\"https:\/\/www.getvoon.com\/our-story\/\"]}]},{\"@type\":\"BreadcrumbList\",\"@id\":\"https:\/\/www.getvoon.com\/our-story\/#breadcrumb\",\"itemListElement\":[{\"@type\":\"ListItem\",\"position\":1,\"name\":\"Home\",\"item\":\"https:\/\/www.getvoon.com\/\"},{\"@type\":\"ListItem\",\"position\":2,\"name\":\"Our Story\"}]},{\"@type\":\"WebSite\",\"@id\":\"https:\/\/www.getvoon.com\/#website\",\"url\":\"https:\/\/www.getvoon.com\/\",\"name\":\"Get Voon\",\"description\":\"Vegan &amp; Smokeless Hemp Pouches from Scandinavia\",\"publisher\":{\"@id\":\"https:\/\/www.getvoon.com\/#organization\"},\"potentialAction\":[{\"@type\":\"SearchAction\",\"target\":{\"@type\":\"EntryPoint\",\"urlTemplate\":\"https:\/\/www.getvoon.com\/?s={search_term_string}\"},\"query-input\":{\"@type\":\"PropertyValueSpecification\",\"valueRequired\":true,\"valueName\":\"search_term_string\"}}],\"inLanguage\":\"sv-SE\"},{\"@type\":\"Organization\",\"@id\":\"https:\/\/www.getvoon.com\/#organization\",\"name\":\"Voon Innovations\",\"url\":\"https:\/\/www.getvoon.com\/\",\"logo\":{\"@type\":\"ImageObject\",\"inLanguage\":\"sv-SE\",\"@id\":\"https:\/\/www.getvoon.com\/#\/schema\/logo\/image\/\",\"url\":\"https:\/\/www.getvoon.com\/wp-content\/uploads\/2022\/02\/voon-logo-dark-600.png\",\"contentUrl\":\"https:\/\/www.getvoon.com\/wp-content\/uploads\/2022\/02\/voon-logo-dark-600.png\",\"width\":600,\"height\":276,\"caption\":\"Voon Innovations\"},\"image\":{\"@id\":\"https:\/\/www.getvoon.com\/#\/schema\/logo\/image\/\"}}]}<\/script>\n<!-- \/ Yoast SEO plugin. -->","yoast_head_json":{"title":"Our Story - Get Voon Vegan &amp; Smokeless Hemp Pouches from Scandinavia","description":"The story behind the revolutionary Voon hemp pouches. Learn more about how Voon came to be, from its Swedish origins to the journey along.","robots":{"index":"index","follow":"follow","max-snippet":"max-snippet:-1","max-image-preview":"max-image-preview:large","max-video-preview":"max-video-preview:-1"},"canonical":"https:\/\/www.getvoon.com\/sv\/our-story\/","og_locale":"sv_SE","og_type":"article","og_title":"Our Story - Get Voon Vegan &amp; Smokeless Hemp Pouches from Scandinavia","og_description":"The story behind the revolutionary Voon hemp pouches. Learn more about how Voon came to be, from its Swedish origins to the journey along.","og_url":"https:\/\/www.getvoon.com\/sv\/our-story\/","og_site_name":"Get Voon","article_modified_time":"2025-04-14T03:48:26+00:00","og_image":[{"width":450,"height":506,"url":"https:\/\/www.getvoon.com\/wp-content\/uploads\/2022\/03\/voon-home-page-popup-2024.jpg","type":"image\/jpeg"}],"twitter_card":"summary_large_image","twitter_image":"https:\/\/www.getvoon.com\/wp-content\/uploads\/2022\/03\/voon-home-page-popup-2024.jpg","twitter_misc":{"Ber\u00e4knad l\u00e4stid":"3 minuter"},"schema":{"@context":"https:\/\/schema.org","@graph":[{"@type":"WebPage","@id":"https:\/\/www.getvoon.com\/our-story\/","url":"https:\/\/www.getvoon.com\/our-story\/","name":"Our Story - Get Voon Vegan &amp; Smokeless Hemp Pouches from Scandinavia","isPartOf":{"@id":"https:\/\/www.getvoon.com\/#website"},"datePublished":"2017-06-07T14:30:24+00:00","dateModified":"2025-04-14T03:48:26+00:00","description":"The story behind the revolutionary Voon hemp pouches. Learn more about how Voon came to be, from its Swedish origins to the journey along.","breadcrumb":{"@id":"https:\/\/www.getvoon.com\/our-story\/#breadcrumb"},"inLanguage":"sv-SE","potentialAction":[{"@type":"ReadAction","target":["https:\/\/www.getvoon.com\/our-story\/"]}]},{"@type":"BreadcrumbList","@id":"https:\/\/www.getvoon.com\/our-story\/#breadcrumb","itemListElement":[{"@type":"ListItem","position":1,"name":"Home","item":"https:\/\/www.getvoon.com\/"},{"@type":"ListItem","position":2,"name":"Our Story"}]},{"@type":"WebSite","@id":"https:\/\/www.getvoon.com\/#website","url":"https:\/\/www.getvoon.com\/","name":"Get Voon","description":"Vegan &amp; Smokeless Hemp Pouches from Scandinavia","publisher":{"@id":"https:\/\/www.getvoon.com\/#organization"},"potentialAction":[{"@type":"SearchAction","target":{"@type":"EntryPoint","urlTemplate":"https:\/\/www.getvoon.com\/?s={search_term_string}"},"query-input":{"@type":"PropertyValueSpecification","valueRequired":true,"valueName":"search_term_string"}}],"inLanguage":"sv-SE"},{"@type":"Organization","@id":"https:\/\/www.getvoon.com\/#organization","name":"Voon Innovations","url":"https:\/\/www.getvoon.com\/","logo":{"@type":"ImageObject","inLanguage":"sv-SE","@id":"https:\/\/www.getvoon.com\/#\/schema\/logo\/image\/","url":"https:\/\/www.getvoon.com\/wp-content\/uploads\/2022\/02\/voon-logo-dark-600.png","contentUrl":"https:\/\/www.getvoon.com\/wp-content\/uploads\/2022\/02\/voon-logo-dark-600.png","width":600,"height":276,"caption":"Voon Innovations"},"image":{"@id":"https:\/\/www.getvoon.com\/#\/schema\/logo\/image\/"}}]}},"_links":{"self":[{"href":"https:\/\/www.getvoon.com\/sv\/wp-json\/wp\/v2\/pages\/240","targetHints":{"allow":["GET"]}}],"collection":[{"href":"https:\/\/www.getvoon.com\/sv\/wp-json\/wp\/v2\/pages"}],"about":[{"href":"https:\/\/www.getvoon.com\/sv\/wp-json\/wp\/v2\/types\/page"}],"author":[{"embeddable":true,"href":"https:\/\/www.getvoon.com\/sv\/wp-json\/wp\/v2\/users\/1"}],"replies":[{"embeddable":true,"href":"https:\/\/www.getvoon.com\/sv\/wp-json\/wp\/v2\/comments?post=240"}],"version-history":[{"count":191,"href":"https:\/\/www.getvoon.com\/sv\/wp-json\/wp\/v2\/pages\/240\/revisions"}],"predecessor-version":[{"id":7744,"href":"https:\/\/www.getvoon.com\/sv\/wp-json\/wp\/v2\/pages\/240\/revisions\/7744"}],"wp:attachment":[{"href":"https:\/\/www.getvoon.com\/sv\/wp-json\/wp\/v2\/media?parent=240"}],"curies":[{"name":"wp","href":"https:\/\/api.w.org\/{rel}","templated":true}]}}